{"id":125,"date":"2021-07-01T09:33:49","date_gmt":"2021-07-01T09:33:49","guid":{"rendered":"http:\/\/test.6vsk.lv\/?page_id=125"},"modified":"2025-09-26T08:48:38","modified_gmt":"2025-09-26T05:48:38","slug":"metodiskais-darbs","status":"publish","type":"page","link":"https:\/\/6vsk.lv\/index.php\/metodiskais-darbs\/","title":{"rendered":"Metodiskais darbs"},"content":{"rendered":"\n<p class=\"has-text-align-center\"><strong>R\u0113zeknes 6. pamatskolas jomu koordinatori<\/strong><\/p>\n\n\n\n<figure class=\"wp-block-table is-style-stripes\"><table><tbody><tr><td><strong>Nr.<\/strong> <strong>p.k.<\/strong><\/td><td><strong>M\u0101c\u012bbu joma un m\u0101c\u012bbu priek\u0161mets<\/strong><\/td><td><strong>Koordinators<\/strong><\/td><\/tr><tr><td>1.<\/td><td><strong>Latvie\u0161u valodas m\u0101c\u012bbu joma <\/strong>Latvie\u0161u valoda<\/td><td>Agrita Stalidz\u0101ne<\/td><\/tr><tr><td><\/td><td><strong>Sve\u0161valodu m\u0101c\u012bbu joma<\/strong> Sve\u0161valoda 1. (ang\u013cu valoda); Sve\u0161valoda 2. (v\u0101cu valoda)<\/td><td>Tatjana Taranda<\/td><\/tr><tr><td>2.<\/td><td><strong>Soci\u0101l\u0101 un pilsonisk\u0101 m\u0101c\u012bbu joma<\/strong>&nbsp;Soci\u0101l\u0101s zin\u012bbas; Soci\u0101l\u0101s zin\u012bbas un v\u0113sture; Latvijas un pasaules v\u0113sture<\/td><td>Olga \u0160ahurova<\/td><\/tr><tr><td>3.<\/td><td><strong>Kult\u016bras izpratnes un pa\u0161izpausmes m\u0101ksl\u0101 m\u0101c\u012bbu joma<\/strong>&nbsp;Vizu\u0101l\u0101 m\u0101ksla; M\u016bzika; Te\u0101tra m\u0101ksla; Literat\u016bra.<\/td><td>Ilze Vizule<\/td><\/tr><tr><td>4.<\/td><td><strong>Dabaszin\u0101t\u0146u m\u0101c\u012bbu joma<\/strong>&nbsp;Dabaszin\u012bbas; \u0136\u012bmija; Fizika; Biolo\u0123ija; \u0122eogr\u0101fija<\/td><td>Ilona Romanovska<\/td><\/tr><tr><td>5.<\/td><td><strong>Matem\u0101tikas m\u0101c\u012bbu joma<\/strong> Matem\u0101tika<\/td><td>Rita Karzi\u0146ina<\/td><\/tr><tr><td>6.<\/td><td><strong>Tehnolo\u0123iju m\u0101c\u012bbu joma<\/strong> Dizains un tehnolo\u0123ijas; Datorika; In\u017eenierzin\u012bbas.<\/td><td>Nat\u0101lija Gaidu\u013ca<\/td><\/tr><tr><td>7.<\/td><td><strong>Vesel\u012bbas un fizisk\u0101s aktivit\u0101tes m\u0101c\u012bbu joma<\/strong> Sports un vesel\u012bba<\/td><td>Krist\u012bne Bogdanova<\/td><\/tr><tr><td>8.<\/td><td><strong>S\u0101kumskolas m\u0101c\u012bbu joma (1.-4.klases)<\/strong> <strong>&nbsp;<\/strong><\/td><td>Aija Gailuma<\/td><\/tr><tr><td>9.<\/td><td><strong>Pla\u0161\u0101ka skol\u0113nu  pieredzes joma<\/strong><\/td><td>Nade\u017eda Tru\u0161ele<\/td><\/tr><tr><td>10.<\/td><td><strong>Karjeras joma<\/strong><\/td><td>Inese Selivon\u010dika<\/td><\/tr><\/tbody><\/table><\/figure>\n\n\n\n<p><strong>R\u0113zeknes 6. Pamatskolas metodisk\u0101s padomes (MP) darba pl\u0101ns 2025.\/2026. m.g.<\/strong><\/p>\n\n\n\n<p><\/p>\n","protected":false},"excerpt":{"rendered":"<p>R\u0113zeknes 6. pamatskolas jomu koordinatori Nr. p.k. M\u0101c\u012bbu joma un m\u0101c\u012bbu priek\u0161mets Koordinators 1. Latvie\u0161u valodas m\u0101c\u012bbu joma Latvie\u0161u valoda Agrita Stalidz\u0101ne Sve\u0161valodu m\u0101c\u012bbu joma Sve\u0161valoda 1. (ang\u013cu valoda); Sve\u0161valoda 2. (v\u0101cu valoda) Tatjana Taranda 2. Soci\u0101l\u0101 un pilsonisk\u0101 m\u0101c\u012bbu <span class=\"readmore\"><a href=\"https:\/\/6vsk.lv\/index.php\/metodiskais-darbs\/\">Continue Reading<\/a><\/span><\/p>\n","protected":false},"author":1,"featured_media":0,"parent":0,"menu_order":0,"comment_status":"closed","ping_status":"closed","template":"","meta":{"footnotes":""},"class_list":["post-125","page","type-page","status-publish","hentry"],"_links":{"self":[{"href":"https:\/\/6vsk.lv\/index.php\/wp-json\/wp\/v2\/pages\/125","targetHints":{"allow":["GET"]}}],"collection":[{"href":"https:\/\/6vsk.lv\/index.php\/wp-json\/wp\/v2\/pages"}],"about":[{"href":"https:\/\/6vsk.lv\/index.php\/wp-json\/wp\/v2\/types\/page"}],"author":[{"embeddable":true,"href":"https:\/\/6vsk.lv\/index.php\/wp-json\/wp\/v2\/users\/1"}],"replies":[{"embeddable":true,"href":"https:\/\/6vsk.lv\/index.php\/wp-json\/wp\/v2\/comments?post=125"}],"version-history":[{"count":18,"href":"https:\/\/6vsk.lv\/index.php\/wp-json\/wp\/v2\/pages\/125\/revisions"}],"predecessor-version":[{"id":2239,"href":"https:\/\/6vsk.lv\/index.php\/wp-json\/wp\/v2\/pages\/125\/revisions\/2239"}],"wp:attachment":[{"href":"https:\/\/6vsk.lv\/index.php\/wp-json\/wp\/v2\/media?parent=125"}],"curies":[{"name":"wp","href":"https:\/\/api.w.org\/{rel}","templated":true}]}}