{"id":1421,"date":"2023-09-11T11:49:45","date_gmt":"2023-09-11T08:49:45","guid":{"rendered":"http:\/\/test.6vsk.lv\/?page_id=1421"},"modified":"2025-10-14T13:51:05","modified_gmt":"2025-10-14T10:51:05","slug":"skolenu-pasparvalde","status":"publish","type":"page","link":"https:\/\/6vsk.lv\/index.php\/skolenu-pasparvalde\/","title":{"rendered":"Skol\u0113nu pa\u0161p\u0101rvalde"},"content":{"rendered":"\n<p><a href=\"http:\/\/6vsk.lv\/wp-content\/uploads\/2025\/10\/Pasparvaldes-darba-plans-.-2025-2026-1.semestris.pdf\" target=\"_blank\" rel=\"noreferrer noopener\">Skol\u0113nu pa\u0161p\u0101rvaldes darba pl\u0101ns<\/a><\/p>\n\n\n\n<p>Skol\u0113nu pa\u0161p\u0101rvalde<\/p>\n\n\n\n<div class=\"wp-block-media-text alignwide is-stacked-on-mobile\" style=\"grid-template-columns:33% auto\"><figure class=\"wp-block-media-text__media\"><img loading=\"lazy\" decoding=\"async\" width=\"683\" height=\"1024\" src=\"http:\/\/6vsk.lv\/wp-content\/uploads\/2025\/10\/IMG_0398-copy-2-683x1024.jpg\" alt=\"\" class=\"wp-image-2246 size-full\" srcset=\"https:\/\/6vsk.lv\/wp-content\/uploads\/2025\/10\/IMG_0398-copy-2-683x1024.jpg 683w, https:\/\/6vsk.lv\/wp-content\/uploads\/2025\/10\/IMG_0398-copy-2-200x300.jpg 200w, https:\/\/6vsk.lv\/wp-content\/uploads\/2025\/10\/IMG_0398-copy-2-768x1152.jpg 768w, https:\/\/6vsk.lv\/wp-content\/uploads\/2025\/10\/IMG_0398-copy-2-1024x1536.jpg 1024w, https:\/\/6vsk.lv\/wp-content\/uploads\/2025\/10\/IMG_0398-copy-2-1365x2048.jpg 1365w, https:\/\/6vsk.lv\/wp-content\/uploads\/2025\/10\/IMG_0398-copy-2-scaled.jpg 1707w\" sizes=\"auto, (max-width: 683px) 100vw, 683px\" \/><\/figure><div class=\"wp-block-media-text__content\">\n<p>M\u016bsu skolas pa\u0161p\u0101rvaldes prezidente \u2013 Gabriella Haite.<\/p>\n\n\n\n<p>M\u016bsu skol\u0101 pa\u0161p\u0101rvaldes darbu vada akt\u012bva, rado\u0161a un atbild\u012bga jauniete \u2013 Gabriella Haite. Vi\u0146a izce\u013cas ar sirsn\u012bbu, komunikablit\u0101ti un sp\u0113ju iedvesmot citus.<\/p>\n\n\n\n<p>Gabriella akt\u012bvi iesaist\u0101s gan m\u0101c\u012bb\u0101s, gan \u0101rpusstundu dz\u012bv\u0113-vi\u0146a sp\u0113l\u0113 skolas or\u0137estr\u012b, darbojas jaunsardz\u0113, piedal\u0101s BGK m\u0101c\u012bb\u0101s, sp\u0113l\u0113 jaunie\u0161u te\u0101tra studij\u0101 un akt\u012bvi l\u012bdzdarbojas kult\u016bras un sabiedriskajos pas\u0101kumos.<\/p>\n\n\n\n<p>Gabriellas darba stilu raksturo atbild\u012bba, organiz\u0113t\u012bba, draudz\u012bgums un atsauc\u012bba. Vi\u0146a prot izcili sadarboties komand\u0101 un motiv\u0113t citus izgl\u012btojamos.<\/p>\n\n\n\n<p>Gabriellas vadmot\u012bvs ir:<\/p>\n\n\n\n<p>\u201cPadar\u012bsim skolu par vietu, kur katrs j\u016btas iesaist\u012bts&nbsp;un&nbsp;nov\u0113rt\u0113ts!\u201d<\/p>\n\n\n\n<p>Lepojamies ar savu pa\u0161p\u0101rvaldes prezidenti un nov\u0113lam vi\u0146ai rado\u0161us pan\u0101kumus un neatlaid\u012bbu&nbsp;ar\u012b&nbsp;turpm\u0101k!<\/p>\n<\/div><\/div>\n\n\n<div class=\"wp-block-image\">\n<figure class=\"aligncenter size-large\"><img loading=\"lazy\" decoding=\"async\" width=\"1024\" height=\"576\" src=\"http:\/\/6vsk.lv\/wp-content\/uploads\/2025\/10\/Green-and-Gray-IT-Services-Workflow-Infographic-Presentation-Flyer-A4-2-1024x576.png\" alt=\"\" class=\"wp-image-2285\" srcset=\"https:\/\/6vsk.lv\/wp-content\/uploads\/2025\/10\/Green-and-Gray-IT-Services-Workflow-Infographic-Presentation-Flyer-A4-2-1024x576.png 1024w, https:\/\/6vsk.lv\/wp-content\/uploads\/2025\/10\/Green-and-Gray-IT-Services-Workflow-Infographic-Presentation-Flyer-A4-2-300x169.png 300w, https:\/\/6vsk.lv\/wp-content\/uploads\/2025\/10\/Green-and-Gray-IT-Services-Workflow-Infographic-Presentation-Flyer-A4-2-768x432.png 768w, https:\/\/6vsk.lv\/wp-content\/uploads\/2025\/10\/Green-and-Gray-IT-Services-Workflow-Infographic-Presentation-Flyer-A4-2-1536x864.png 1536w, https:\/\/6vsk.lv\/wp-content\/uploads\/2025\/10\/Green-and-Gray-IT-Services-Workflow-Infographic-Presentation-Flyer-A4-2.png 1920w\" sizes=\"auto, (max-width: 1024px) 100vw, 1024px\" \/><\/figure><\/div>\n\n<div class=\"wp-block-image\">\n<figure class=\"aligncenter size-full is-resized\"><img loading=\"lazy\" decoding=\"async\" width=\"1587\" height=\"2245\" src=\"http:\/\/6vsk.lv\/wp-content\/uploads\/2025\/10\/Minimalist-English-Classroom-Poster-1.png\" alt=\"\" class=\"wp-image-2251\" style=\"width:673px;height:auto\" srcset=\"https:\/\/6vsk.lv\/wp-content\/uploads\/2025\/10\/Minimalist-English-Classroom-Poster-1.png 1587w, https:\/\/6vsk.lv\/wp-content\/uploads\/2025\/10\/Minimalist-English-Classroom-Poster-1-212x300.png 212w, https:\/\/6vsk.lv\/wp-content\/uploads\/2025\/10\/Minimalist-English-Classroom-Poster-1-724x1024.png 724w, https:\/\/6vsk.lv\/wp-content\/uploads\/2025\/10\/Minimalist-English-Classroom-Poster-1-768x1086.png 768w, https:\/\/6vsk.lv\/wp-content\/uploads\/2025\/10\/Minimalist-English-Classroom-Poster-1-1086x1536.png 1086w, https:\/\/6vsk.lv\/wp-content\/uploads\/2025\/10\/Minimalist-English-Classroom-Poster-1-1448x2048.png 1448w\" sizes=\"auto, (max-width: 1587px) 100vw, 1587px\" \/><\/figure><\/div>\n\n\n<figure class=\"wp-block-gallery has-nested-images columns-default is-cropped wp-block-gallery-1 is-layout-flex wp-block-gallery-is-layout-flex\"><\/figure>\n","protected":false},"excerpt":{"rendered":"<p>Skol\u0113nu pa\u0161p\u0101rvaldes darba pl\u0101ns Skol\u0113nu pa\u0161p\u0101rvalde M\u016bsu skolas pa\u0161p\u0101rvaldes prezidente \u2013 Gabriella Haite. M\u016bsu skol\u0101 pa\u0161p\u0101rvaldes darbu vada akt\u012bva, rado\u0161a un atbild\u012bga jauniete \u2013 Gabriella Haite. Vi\u0146a izce\u013cas ar sirsn\u012bbu, komunikablit\u0101ti un sp\u0113ju iedvesmot citus. Gabriella akt\u012bvi iesaist\u0101s gan m\u0101c\u012bb\u0101s, <span class=\"readmore\"><a href=\"https:\/\/6vsk.lv\/index.php\/skolenu-pasparvalde\/\">Continue Reading<\/a><\/span><\/p>\n","protected":false},"author":1,"featured_media":0,"parent":0,"menu_order":0,"comment_status":"closed","ping_status":"closed","template":"","meta":{"footnotes":""},"class_list":["post-1421","page","type-page","status-publish","hentry"],"_links":{"self":[{"href":"https:\/\/6vsk.lv\/index.php\/wp-json\/wp\/v2\/pages\/1421","targetHints":{"allow":["GET"]}}],"collection":[{"href":"https:\/\/6vsk.lv\/index.php\/wp-json\/wp\/v2\/pages"}],"about":[{"href":"https:\/\/6vsk.lv\/index.php\/wp-json\/wp\/v2\/types\/page"}],"author":[{"embeddable":true,"href":"https:\/\/6vsk.lv\/index.php\/wp-json\/wp\/v2\/users\/1"}],"replies":[{"embeddable":true,"href":"https:\/\/6vsk.lv\/index.php\/wp-json\/wp\/v2\/comments?post=1421"}],"version-history":[{"count":25,"href":"https:\/\/6vsk.lv\/index.php\/wp-json\/wp\/v2\/pages\/1421\/revisions"}],"predecessor-version":[{"id":2286,"href":"https:\/\/6vsk.lv\/index.php\/wp-json\/wp\/v2\/pages\/1421\/revisions\/2286"}],"wp:attachment":[{"href":"https:\/\/6vsk.lv\/index.php\/wp-json\/wp\/v2\/media?parent=1421"}],"curies":[{"name":"wp","href":"https:\/\/api.w.org\/{rel}","templated":true}]}}