{"id":160,"date":"2021-07-01T20:06:02","date_gmt":"2021-07-01T17:06:02","guid":{"rendered":"http:\/\/test.6vsk.lv\/?page_id=160"},"modified":"2025-11-05T10:22:22","modified_gmt":"2025-11-05T08:22:22","slug":"kontakti","status":"publish","type":"page","link":"https:\/\/6vsk.lv\/index.php\/kontakti\/","title":{"rendered":"KONTAKTI"},"content":{"rendered":"\n<p><strong>M\u0101c\u012bbu valoda: latvie\u0161u\/krievu<\/strong><br><em><strong>Skolas direktore: Tatjana Tokareva<\/strong><\/em><\/p>\n\n\n\n<p><em>Adrese: Kosmonautu iela 6,<\/em><br><em>R\u0113zekne, LV-4604<\/em><br><em>Latvija.<\/em><br><em>T\u0101lr. +37164633660<br>e-pasts:\u00a0<a href=\"mailto:6vsk@rezekne.lv\">6vsk@rezekne.lv<\/a><\/em><br><em>direktores vietnieki &#8211; t\u0101lr.+37164607072<\/em>, +37164607071<br>e-adrese:\u00a0\u00a0<a href=\"https:\/\/latvija.gov.lv\/KDV\/Write\/NewMessage?address=_DEFAULT@40900023706\" target=\"_blank\" rel=\"noreferrer noopener\">Rakst\u012bt zi\u0146ojumu<\/a><\/p>\n\n\n\n<p><\/p>\n","protected":false},"excerpt":{"rendered":"<p>M\u0101c\u012bbu valoda: latvie\u0161u\/krievuSkolas direktore: Tatjana Tokareva Adrese: Kosmonautu iela 6,R\u0113zekne, LV-4604Latvija.T\u0101lr. +37164633660e-pasts:\u00a06vsk@rezekne.lvdirektores vietnieki &#8211; t\u0101lr.+37164607072, +37164607071e-adrese:\u00a0\u00a0Rakst\u012bt zi\u0146ojumu<\/p>\n","protected":false},"author":1,"featured_media":0,"parent":0,"menu_order":0,"comment_status":"closed","ping_status":"closed","template":"","meta":{"footnotes":""},"class_list":["post-160","page","type-page","status-publish","hentry"],"_links":{"self":[{"href":"https:\/\/6vsk.lv\/index.php\/wp-json\/wp\/v2\/pages\/160","targetHints":{"allow":["GET"]}}],"collection":[{"href":"https:\/\/6vsk.lv\/index.php\/wp-json\/wp\/v2\/pages"}],"about":[{"href":"https:\/\/6vsk.lv\/index.php\/wp-json\/wp\/v2\/types\/page"}],"author":[{"embeddable":true,"href":"https:\/\/6vsk.lv\/index.php\/wp-json\/wp\/v2\/users\/1"}],"replies":[{"embeddable":true,"href":"https:\/\/6vsk.lv\/index.php\/wp-json\/wp\/v2\/comments?post=160"}],"version-history":[{"count":7,"href":"https:\/\/6vsk.lv\/index.php\/wp-json\/wp\/v2\/pages\/160\/revisions"}],"predecessor-version":[{"id":2400,"href":"https:\/\/6vsk.lv\/index.php\/wp-json\/wp\/v2\/pages\/160\/revisions\/2400"}],"wp:attachment":[{"href":"https:\/\/6vsk.lv\/index.php\/wp-json\/wp\/v2\/media?parent=160"}],"curies":[{"name":"wp","href":"https:\/\/api.w.org\/{rel}","templated":true}]}}