{"id":228,"date":"2021-10-13T13:55:00","date_gmt":"2021-10-13T10:55:00","guid":{"rendered":"http:\/\/test.6vsk.lv\/?page_id=228"},"modified":"2025-11-06T12:49:23","modified_gmt":"2025-11-06T10:49:23","slug":"atbalsta-komanda","status":"publish","type":"page","link":"https:\/\/6vsk.lv\/index.php\/atbalsta-komanda\/","title":{"rendered":""},"content":{"rendered":"\n<figure class=\"wp-block-image size-large\"><img loading=\"lazy\" decoding=\"async\" width=\"1024\" height=\"576\" src=\"http:\/\/6vsk.lv\/wp-content\/uploads\/2021\/11\/1-1-1024x576.png\" alt=\"\" class=\"wp-image-488\" srcset=\"https:\/\/6vsk.lv\/wp-content\/uploads\/2021\/11\/1-1-1024x576.png 1024w, https:\/\/6vsk.lv\/wp-content\/uploads\/2021\/11\/1-1-300x169.png 300w, https:\/\/6vsk.lv\/wp-content\/uploads\/2021\/11\/1-1-768x432.png 768w, https:\/\/6vsk.lv\/wp-content\/uploads\/2021\/11\/1-1-1536x864.png 1536w, https:\/\/6vsk.lv\/wp-content\/uploads\/2021\/11\/1-1-2048x1152.png 2048w\" sizes=\"auto, (max-width: 1024px) 100vw, 1024px\" \/><\/figure>\n\n\n\n<p>ATBALSTA KOMANDAS SPECI\u0100LISTU DARBA LAIKS<\/p>\n\n\n\n<p><a href=\"http:\/\/6vsk.lv\/wp-content\/uploads\/2025\/11\/spec2025.png\" data-type=\"URL\" data-id=\"http:\/\/6vsk.lv\/wp-content\/uploads\/2024\/10\/spec.png\" target=\"_blank\" rel=\"noreferrer noopener\">Speci\u0101lais pedagogs<\/a><br><a href=\"http:\/\/6vsk.lv\/wp-content\/uploads\/2025\/11\/soc2025.png\" data-type=\"URL\" data-id=\"http:\/\/6vsk.lv\/wp-content\/uploads\/2024\/10\/soc.png\" target=\"_blank\" rel=\"noreferrer noopener\">Soci\u0101lais pedagogs<\/a><br><a href=\"http:\/\/6vsk.lv\/wp-content\/uploads\/2025\/09\/atb.komanda.png\" data-type=\"URL\" data-id=\"http:\/\/6vsk.lv\/wp-content\/uploads\/2024\/10\/psihologs.png\" target=\"_blank\" rel=\"noreferrer noopener\">Psihologs<\/a><br><a href=\"http:\/\/6vsk.lv\/wp-content\/uploads\/2025\/09\/atb.komanda-1.png\" data-type=\"URL\" data-id=\"http:\/\/6vsk.lv\/wp-content\/uploads\/2024\/10\/karjera.png\" target=\"_blank\" rel=\"noreferrer noopener\">Karjeras konsultants<\/a><br><a href=\"http:\/\/6vsk.lv\/wp-content\/uploads\/2024\/10\/logopeds.png\" data-type=\"URL\" data-id=\"http:\/\/6vsk.lv\/wp-content\/uploads\/2024\/10\/logopeds.png\" target=\"_blank\" rel=\"noreferrer noopener\">Logop\u0113ds<\/a><br><a href=\"http:\/\/6vsk.lv\/wp-content\/uploads\/2025\/10\/skolpal.png\" target=\"_blank\" rel=\"noreferrer noopener\">Skolot\u0101ju pal\u012bgi<\/a><br><a href=\"http:\/\/6vsk.lv\/wp-content\/uploads\/2025\/10\/veseliba.png\" target=\"_blank\" rel=\"noreferrer noopener\">Vesel\u012bbas speci\u0101lists<\/a><br><a href=\"http:\/\/6vsk.lv\/wp-content\/uploads\/2025\/11\/Bibliotekari.pdf\" target=\"_blank\" rel=\"noreferrer noopener\">Bibliotek\u0101ri<\/a><\/p>\n","protected":false},"excerpt":{"rendered":"<p>ATBALSTA KOMANDAS SPECI\u0100LISTU DARBA LAIKS Speci\u0101lais pedagogsSoci\u0101lais pedagogsPsihologsKarjeras konsultantsLogop\u0113dsSkolot\u0101ju pal\u012bgiVesel\u012bbas speci\u0101listsBibliotek\u0101ri<\/p>\n","protected":false},"author":1,"featured_media":0,"parent":0,"menu_order":0,"comment_status":"closed","ping_status":"closed","template":"","meta":{"footnotes":""},"class_list":["post-228","page","type-page","status-publish","hentry"],"_links":{"self":[{"href":"https:\/\/6vsk.lv\/index.php\/wp-json\/wp\/v2\/pages\/228","targetHints":{"allow":["GET"]}}],"collection":[{"href":"https:\/\/6vsk.lv\/index.php\/wp-json\/wp\/v2\/pages"}],"about":[{"href":"https:\/\/6vsk.lv\/index.php\/wp-json\/wp\/v2\/types\/page"}],"author":[{"embeddable":true,"href":"https:\/\/6vsk.lv\/index.php\/wp-json\/wp\/v2\/users\/1"}],"replies":[{"embeddable":true,"href":"https:\/\/6vsk.lv\/index.php\/wp-json\/wp\/v2\/comments?post=228"}],"version-history":[{"count":31,"href":"https:\/\/6vsk.lv\/index.php\/wp-json\/wp\/v2\/pages\/228\/revisions"}],"predecessor-version":[{"id":2405,"href":"https:\/\/6vsk.lv\/index.php\/wp-json\/wp\/v2\/pages\/228\/revisions\/2405"}],"wp:attachment":[{"href":"https:\/\/6vsk.lv\/index.php\/wp-json\/wp\/v2\/media?parent=228"}],"curies":[{"name":"wp","href":"https:\/\/api.w.org\/{rel}","templated":true}]}}