{"id":243,"date":"2021-10-13T14:01:04","date_gmt":"2021-10-13T11:01:04","guid":{"rendered":"http:\/\/test.6vsk.lv\/?page_id=243"},"modified":"2026-01-16T13:32:15","modified_gmt":"2026-01-16T11:32:15","slug":"karjeras-izglitiba","status":"publish","type":"page","link":"https:\/\/6vsk.lv\/index.php\/karjeras-izglitiba\/","title":{"rendered":"Karjeras izgl\u012bt\u012bba"},"content":{"rendered":"\n<p><a href=\"http:\/\/6vsk.lv\/wp-content\/uploads\/2026\/01\/Karjeras-izglitibas-programma-2025-2028-m_g.pdf\" target=\"_blank\" rel=\"noreferrer noopener\">Karjeras izgl\u012bt\u012bbas programma<\/a><\/p>\n\n\n\n<p><a href=\"http:\/\/6vsk.lv\/wp-content\/uploads\/2025\/10\/KAJERAS-KONSULTANTA-DARBA-PLANS.pdf\" target=\"_blank\" rel=\"noreferrer noopener\">Karjeras konsultanta darba pl\u0101ns uz 2025.\/2026<\/a>.<\/p>\n\n\n\n<p><a href=\"http:\/\/6vsk.lv\/index.php\/466-2\/\" data-type=\"page\" data-id=\"466\">Interneta resursi karjeras izgl\u012bt\u012bbai un atbalstam<\/a><\/p>\n\n\n\n<p>R\u0113zeknes 6. pamatskol\u0101 str\u0101d\u0101 pedagogs karjeras konsultants Inese Selivon\u010dika, pie kuras var sa\u0146emt individu\u0101l\u0101s karjeras konsult\u0101cijas.<\/p>\n\n\n\n<p>Ko var ieg\u016bt skol\u0113ns no individu\u0101laj\u0101m konsult\u0101cij\u0101m ar karjeras konsultantu?<\/p>\n\n\n\n<p>&#8211; lab\u0101k apzin\u0101t savas intereses, prasmes, iesp\u0113jas un v\u0113rt\u012bbas;<\/p>\n\n\n\n<p>&#8211; padzi\u013cin\u0101t izpratni par karjeras izv\u0113li;<\/p>\n\n\n\n<p>&#8211;&nbsp; ieg\u016bt lab\u0101ku skaidr\u012bbu par r\u012bc\u012bbas pl\u0101nu \u2013 ko dar\u012bt t\u0101l\u0101k studiju vai karjeras izv\u0113l\u0113;<\/p>\n\n\n\n<p>&#8211; g\u016bt atbalstu studiju un karjeras l\u0113mumu pie\u0146em\u0161an\u0101;<\/p>\n\n\n\n<p>&nbsp;&#8211; uzzin\u0101t, kur mekl\u0113t inform\u0101ciju par studiju iesp\u0113j\u0101m.<\/p>\n\n\n\n<p><strong>Pieteikties&nbsp; konsult\u0101cijai var 310.kabinet\u0101, vai e-klases past\u0101 ( Inese Selivon\u010dika).<\/strong><\/p>\n\n\n\n<p><strong>Iepriek\u0161\u0113j\u0101 pieteik\u0161an\u0101s konsult\u0101cijai ir oblig\u0101ta!<\/strong><\/p>\n\n\n\n<p id=\"E48\"><strong>Lai pal\u012bdz\u0113tu b\u0113rniem atrast savu aicin\u0101jumu un n\u0101kamo profesiju, Valsts b\u0113rnu ties\u012bbu aizsardz\u012bbas inspekcija pied\u0101v\u0101&nbsp;21 profesijas video st\u0101stus, kuros jaunie speci\u0101listi, uz\u0146\u0113mumu un organiz\u0101ciju vad\u012bt\u0101ji st\u0101sta un r\u0101da par profesiju ikdienas izaicin\u0101jumiem.<\/strong><br>21 profesijas video st\u0101sti ir pieejami&nbsp;<a is=\"qowt-hyperlink\" rel=\"noreferrer noopener\" href=\"https:\/\/www.youtube.com\/playlist?list=PLNLpMJStynulEVNh7-na2e1AJUfZMRjF3\" target=\"_blank\">\u0160EIT<\/a><br>Materi\u0101li ir veidoti p\u0113c Valsts b\u0113rnu ties\u012bbu aizsardz\u012bbas inspekcijas pas\u016bt\u012bjuma.<\/p>\n","protected":false},"excerpt":{"rendered":"<p>Karjeras izgl\u012bt\u012bbas programma Karjeras konsultanta darba pl\u0101ns uz 2025.\/2026. Interneta resursi karjeras izgl\u012bt\u012bbai un atbalstam R\u0113zeknes 6. pamatskol\u0101 str\u0101d\u0101 pedagogs karjeras konsultants Inese Selivon\u010dika, pie kuras var sa\u0146emt individu\u0101l\u0101s karjeras konsult\u0101cijas. Ko var ieg\u016bt skol\u0113ns no individu\u0101laj\u0101m konsult\u0101cij\u0101m ar karjeras <span class=\"readmore\"><a href=\"https:\/\/6vsk.lv\/index.php\/karjeras-izglitiba\/\">Continue Reading<\/a><\/span><\/p>\n","protected":false},"author":1,"featured_media":0,"parent":0,"menu_order":0,"comment_status":"closed","ping_status":"closed","template":"","meta":{"footnotes":""},"class_list":["post-243","page","type-page","status-publish","hentry"],"_links":{"self":[{"href":"https:\/\/6vsk.lv\/index.php\/wp-json\/wp\/v2\/pages\/243","targetHints":{"allow":["GET"]}}],"collection":[{"href":"https:\/\/6vsk.lv\/index.php\/wp-json\/wp\/v2\/pages"}],"about":[{"href":"https:\/\/6vsk.lv\/index.php\/wp-json\/wp\/v2\/types\/page"}],"author":[{"embeddable":true,"href":"https:\/\/6vsk.lv\/index.php\/wp-json\/wp\/v2\/users\/1"}],"replies":[{"embeddable":true,"href":"https:\/\/6vsk.lv\/index.php\/wp-json\/wp\/v2\/comments?post=243"}],"version-history":[{"count":20,"href":"https:\/\/6vsk.lv\/index.php\/wp-json\/wp\/v2\/pages\/243\/revisions"}],"predecessor-version":[{"id":2616,"href":"https:\/\/6vsk.lv\/index.php\/wp-json\/wp\/v2\/pages\/243\/revisions\/2616"}],"wp:attachment":[{"href":"https:\/\/6vsk.lv\/index.php\/wp-json\/wp\/v2\/media?parent=243"}],"curies":[{"name":"wp","href":"https:\/\/api.w.org\/{rel}","templated":true}]}}