{"id":250,"date":"2021-10-13T14:02:39","date_gmt":"2021-10-13T11:02:39","guid":{"rendered":"http:\/\/test.6vsk.lv\/?page_id=250"},"modified":"2025-10-09T09:43:46","modified_gmt":"2025-10-09T06:43:46","slug":"interesu-izglitiba","status":"publish","type":"page","link":"https:\/\/6vsk.lv\/index.php\/interesu-izglitiba\/","title":{"rendered":""},"content":{"rendered":"<div class=\"wp-block-image\">\n<figure class=\"aligncenter size-large\"><img loading=\"lazy\" decoding=\"async\" width=\"768\" height=\"1024\" src=\"http:\/\/6vsk.lv\/wp-content\/uploads\/2025\/09\/Interesu-izglitibas-programma-2-768x1024.png\" alt=\"\" class=\"wp-image-2204\" srcset=\"https:\/\/6vsk.lv\/wp-content\/uploads\/2025\/09\/Interesu-izglitibas-programma-2-768x1024.png 768w, https:\/\/6vsk.lv\/wp-content\/uploads\/2025\/09\/Interesu-izglitibas-programma-2-225x300.png 225w, https:\/\/6vsk.lv\/wp-content\/uploads\/2025\/09\/Interesu-izglitibas-programma-2-1152x1536.png 1152w, https:\/\/6vsk.lv\/wp-content\/uploads\/2025\/09\/Interesu-izglitibas-programma-2-1536x2048.png 1536w\" sizes=\"auto, (max-width: 768px) 100vw, 768px\" \/><\/figure><\/div>\n\n\n<p class=\"has-text-align-center\"><a href=\"http:\/\/6vsk.lv\/wp-content\/uploads\/2025\/10\/I.-semestris-Interesu_izglitibas_programmu_nodarbibu_grafiks.pdf\" target=\"_blank\" rel=\"noreferrer noopener\">Intere\u0161u izgl\u012bt\u012bbas programmas nodarb\u012bbu darba laiks<\/a><\/p>\n","protected":false},"excerpt":{"rendered":"<p>Intere\u0161u izgl\u012bt\u012bbas programmas nodarb\u012bbu darba laiks<\/p>\n","protected":false},"author":1,"featured_media":0,"parent":0,"menu_order":0,"comment_status":"closed","ping_status":"closed","template":"","meta":{"footnotes":""},"class_list":["post-250","page","type-page","status-publish","hentry"],"_links":{"self":[{"href":"https:\/\/6vsk.lv\/index.php\/wp-json\/wp\/v2\/pages\/250","targetHints":{"allow":["GET"]}}],"collection":[{"href":"https:\/\/6vsk.lv\/index.php\/wp-json\/wp\/v2\/pages"}],"about":[{"href":"https:\/\/6vsk.lv\/index.php\/wp-json\/wp\/v2\/types\/page"}],"author":[{"embeddable":true,"href":"https:\/\/6vsk.lv\/index.php\/wp-json\/wp\/v2\/users\/1"}],"replies":[{"embeddable":true,"href":"https:\/\/6vsk.lv\/index.php\/wp-json\/wp\/v2\/comments?post=250"}],"version-history":[{"count":22,"href":"https:\/\/6vsk.lv\/index.php\/wp-json\/wp\/v2\/pages\/250\/revisions"}],"predecessor-version":[{"id":2264,"href":"https:\/\/6vsk.lv\/index.php\/wp-json\/wp\/v2\/pages\/250\/revisions\/2264"}],"wp:attachment":[{"href":"https:\/\/6vsk.lv\/index.php\/wp-json\/wp\/v2\/media?parent=250"}],"curies":[{"name":"wp","href":"https:\/\/api.w.org\/{rel}","templated":true}]}}