{"id":263,"date":"2021-10-13T14:18:18","date_gmt":"2021-10-13T11:18:18","guid":{"rendered":"http:\/\/test.6vsk.lv\/?page_id=263"},"modified":"2022-11-08T11:38:19","modified_gmt":"2022-11-08T09:38:19","slug":"uznemsana","status":"publish","type":"page","link":"https:\/\/6vsk.lv\/index.php\/uznemsana\/","title":{"rendered":"Uz\u0146em\u0161ana un Atskait\u012b\u0161ana"},"content":{"rendered":"\n<div class=\"wp-block-media-text alignwide is-stacked-on-mobile\"><figure class=\"wp-block-media-text__media\"><img loading=\"lazy\" decoding=\"async\" width=\"1024\" height=\"576\" src=\"http:\/\/6vsk.lv\/wp-content\/uploads\/2021\/11\/fotonauznemsanu-1024x576.png\" alt=\"\" class=\"wp-image-496 size-full\" srcset=\"https:\/\/6vsk.lv\/wp-content\/uploads\/2021\/11\/fotonauznemsanu-1024x576.png 1024w, https:\/\/6vsk.lv\/wp-content\/uploads\/2021\/11\/fotonauznemsanu-300x169.png 300w, https:\/\/6vsk.lv\/wp-content\/uploads\/2021\/11\/fotonauznemsanu-768x432.png 768w, https:\/\/6vsk.lv\/wp-content\/uploads\/2021\/11\/fotonauznemsanu-1536x864.png 1536w, https:\/\/6vsk.lv\/wp-content\/uploads\/2021\/11\/fotonauznemsanu-2048x1152.png 2048w\" sizes=\"auto, (max-width: 1024px) 100vw, 1024px\" \/><\/figure><div class=\"wp-block-media-text__content\">\n<p class=\"has-text-align-center\"><strong><a href=\"https:\/\/likumi.lv\/ta\/id\/329096-kartiba-kada-izglitojamie-tiek-uznemti-visparejas-izglitibas-programmas-un-atskaititi-no-tam-ka-ari-obligatas-prasibas-izglitojamo-parcelsanai-nakamaja-klase\" data-type=\"URL\" target=\"_blank\" rel=\"noreferrer noopener\">K\u0101rt\u012bba, k\u0101d\u0101 izgl\u012btojamie tiek uz\u0146emti visp\u0101r\u0113j\u0101s izgl\u012bt\u012bbas programm\u0101s, speci\u0101laj\u0101s izgl\u012bt\u012bbas iest\u0101d\u0113s un speci\u0101laj\u0101s pirmsskolas izgl\u012bt\u012bbas grup\u0101s un atskait\u012bti no t\u0101m, k\u0101 ar\u012b p\u0101rcelti uz n\u0101kamo klasi<\/a><\/strong><\/p>\n\n\n\n<p>Piesakot izgl\u012btojamo skol\u0101 nepiecie\u0161ami \u0161\u0101di dokumenti: <\/p>\n\n\n\n<ul class=\"wp-block-list\">\n<li>skolas direktoram adres\u0113ts iesniegums<\/li>\n\n\n\n<li>dzim\u0161anas apliec\u012bba vai pase (uzr\u0101dot ori\u0123in\u0101lu)<\/li>\n\n\n\n<li>izzi\u0146as par apg\u016bto izgl\u012bt\u012bbas programmu 5. un 6. gad\u012bgo b\u0113rnu oblig\u0101tajai sagatavo\u0161anai skolai un b\u0113rna sasniegumu apraksts (kopijas)<\/li>\n\n\n\n<li>b\u0113rna medic\u012bnisk\u0101 karte (026\/u), b\u0113rna po\u0161u karte<\/li>\n\n\n\n<li>pedago\u0123iski medic\u012bnisk\u0101s komisijas atzinums, ja izgl\u012btojamais tiek uz\u0146emts speci\u0101l\u0101s izgl\u012bt\u012bbas programm\u0101 vai ja vi\u0146am ir ieteikti atbalsta pas\u0101kumi m\u0101c\u012bbu proces\u0101<\/li>\n<\/ul>\n<\/div><\/div>\n","protected":false},"excerpt":{"rendered":"","protected":false},"author":1,"featured_media":0,"parent":0,"menu_order":0,"comment_status":"closed","ping_status":"closed","template":"","meta":{"footnotes":""},"class_list":["post-263","page","type-page","status-publish","hentry"],"_links":{"self":[{"href":"https:\/\/6vsk.lv\/index.php\/wp-json\/wp\/v2\/pages\/263","targetHints":{"allow":["GET"]}}],"collection":[{"href":"https:\/\/6vsk.lv\/index.php\/wp-json\/wp\/v2\/pages"}],"about":[{"href":"https:\/\/6vsk.lv\/index.php\/wp-json\/wp\/v2\/types\/page"}],"author":[{"embeddable":true,"href":"https:\/\/6vsk.lv\/index.php\/wp-json\/wp\/v2\/users\/1"}],"replies":[{"embeddable":true,"href":"https:\/\/6vsk.lv\/index.php\/wp-json\/wp\/v2\/comments?post=263"}],"version-history":[{"count":6,"href":"https:\/\/6vsk.lv\/index.php\/wp-json\/wp\/v2\/pages\/263\/revisions"}],"predecessor-version":[{"id":698,"href":"https:\/\/6vsk.lv\/index.php\/wp-json\/wp\/v2\/pages\/263\/revisions\/698"}],"wp:attachment":[{"href":"https:\/\/6vsk.lv\/index.php\/wp-json\/wp\/v2\/media?parent=263"}],"curies":[{"name":"wp","href":"https:\/\/api.w.org\/{rel}","templated":true}]}}