{"id":292,"date":"2021-10-13T15:18:51","date_gmt":"2021-10-13T12:18:51","guid":{"rendered":"http:\/\/test.6vsk.lv\/?page_id=292"},"modified":"2023-12-01T09:41:34","modified_gmt":"2023-12-01T07:41:34","slug":"par-skolu","status":"publish","type":"page","link":"https:\/\/6vsk.lv\/index.php\/par-skolu\/","title":{"rendered":"Par skolu"},"content":{"rendered":"\n<p>R\u0113zeknes 6.pamatskola (tika dibin\u0101ta k\u0101 R\u0113zeknes 6.vidusskola) 1976.gada 1. septembr\u012b atv\u0113ra savas durvis gandr\u012bz 1000 skol\u0113niem un 45 pedagogiem. Skol\u0101 katrs izgl\u012btojamais var ieg\u016bt kvalitat\u012bvu un konkur\u0113tsp\u0113j\u012bgu izgl\u012bt\u012bbu. T\u0101 ir pirm\u0101 skola pils\u0113t\u0101, kas s\u0101ka realiz\u0113t programmu ar padzi\u013cin\u0101tu m\u016bzikas apguvi kop\u0161 1981.gada. Ar\u012b pa\u0161laik skola turpina iesaist\u012bt skol\u0113nus darboties m\u016bzikas kolekt\u012bvos t\u0101dos k\u0101 skolas p\u016bt\u0113ju or\u0137estris, defil\u0113 grupa, vok\u0101li instrument\u0101lie ansamb\u013ci, z\u0113nu, meite\u0146u un jauktais koris, vijolnieku un akordeonistu ansamblis. Pietiekams instrumentu apr\u012bkojums \u013cauj pilnv\u0113rt\u012bgi \u012bstenot m\u016bzikas programmu. M\u016bzikas pedagogu talants un skol\u0113nu augstie sasniegumi deva iesp\u0113ju skolas m\u016bzikas kolekt\u012bviem kop\u0161 1989.gada&nbsp; piedal\u012bties Latvijas skolu jaunatnes Dziesmu un deju sv\u0113tkos.<\/p>\n\n\n\n<p>Skola vienm\u0113r gatava visiem jaunin\u0101jumiem un idej\u0101m izgl\u012bt\u012bbas kvalit\u0101tes uzlabo\u0161anai un pilnveido\u0161anai. 1994.gad\u0101 s\u0101ka darboties latvie\u0161u valodas centrs, t\u0101 m\u0113r\u0137is \u2013 cittautu jaunie\u0161u integr\u0101cija Latvijas sabiedr\u012bb\u0101, patriotisma j\u016btu stiprin\u0101\u0161ana, k\u0101 ar\u012b jaunu m\u0101c\u012b\u0161anas meto\u017eu izstr\u0101de un \u012bsteno\u0161ana.<\/p>\n\n\n\n<p>1996.gad\u0101 skola akt\u012bvi iek\u013c\u0101v\u0101s AFS \u2013 starptautiskaj\u0101 studentu apmai\u0146as programm\u0101. Skol\u0101 m\u0101c\u012bj\u0101s jaunie\u0161i no da\u017e\u0101d\u0101m valst\u012bm: D\u0101nijas, Portug\u0101les, Jaunz\u0113landes, Taizemes, Venecu\u0113las, Braz\u012blijas, Panamas, V\u0101cijas, Somijas, ASV, Austr\u0101lijas, Be\u013c\u0123ijas.&nbsp;<\/p>\n\n\n\n<p>R\u0113zeknes 6.pamatskola ir pirm\u0101 pils\u0113t\u0101, kas s\u0101ka \u012bstenot sp\u0101\u0146u valodas m\u0101c\u012bbu programmu. Pa\u0161laik iesp\u0113ja papildus m\u0101c\u012bties sp\u0101\u0146u un v\u0101cu valodu ir visiem skol\u0113niem s\u0101kot ar 3.klasi.<\/p>\n\n\n\n<p>Kop\u0161 1997.gada skol\u0101 darbojas Re\u0123ion\u0101lais datorcentrs. 25 gadu laik\u0101 taj\u0101 m\u0101c\u012bj\u0101s vair\u0101k nek\u0101 150 pedagogu.\u00a0<\/p>\n\n\n\n<p>2004.gad\u0101 skola bija pirm\u0101, kas piedal\u012bj\u0101s projekt\u0101, kas nodro\u0161in\u0101ja pieejamu vidi cilv\u0113kiem ar \u012bpa\u0161\u0101m vajadz\u012bb\u0101m,&nbsp; skola apr\u012bkota ar liftu un pandusu un par to tika sa\u0146emta balva \u00abZelta kru\u0137is\u00bb.<\/p>\n\n\n\n<p>2011.gad\u0101 skola s\u0101ka \u012bstenot Valsts aizsardz\u012bbas m\u0101c\u012bbu programmu, kuras ietvaros notiek skol\u0113nu milit\u0101r\u0101 apm\u0101c\u012bba. Skola 2004.gad\u0101 k\u0101 pirm\u0101 pils\u0113t\u0101 s\u0101ka realiz\u0113t Jaun\u0101k\u0101s grupas jaunsargu apm\u0101c\u012bbu.<\/p>\n\n\n\n<p>Bet galvenais, ar ko lepojas skola, \u2013 tie ir m\u016bsu skol\u0113ni. M\u0113s vienm\u0113r sekojam absolventu turpm\u0101kaj\u0101m gait\u0101m, lepojamies ar vi\u0146u sasniegumiem!&nbsp;<\/p>\n\n\n\n<p>Dz\u012bve strauji main\u0101s. Jaunas tehnolo\u0123ijas, jaunas komunik\u0101cijas, inform\u0101cijas ieguves un glab\u0101\u0161anas veidi \u2013 tas viss uzreiz ietekm\u0113 m\u0101c\u012bbu procesu. M\u016bsdien\u0101s izgl\u012bt\u012bba ir \u013coti sare\u017e\u0123\u012bts un main\u012bgs process. Tom\u0113r tikai naivie cilv\u0113ki var dom\u0101t, ka datori un interakt\u012bv\u0101s t\u0101feles ir m\u016bsdien\u012bgas izgl\u012bt\u012bbas pamats. Ne jau t\u0101feles p\u0101rveido izgl\u012bt\u012bbu par izgl\u012bt\u012bbu, bet re\u0101l\u0101s un aktu\u0101l\u0101s zin\u0101\u0161anas un prasmes, kas piem\u012bt m\u016bsu skolot\u0101jiem. \u0160eit vienm\u0113r str\u0101d\u0101ja talant\u012bgi, savai profesijai uztic\u012bgi pedagogi un p\u0113tnieki, kas m\u0101ca dom\u0101t rado\u0161i un br\u012bvi.<\/p>\n","protected":false},"excerpt":{"rendered":"<p>R\u0113zeknes 6.pamatskola (tika dibin\u0101ta k\u0101 R\u0113zeknes 6.vidusskola) 1976.gada 1. septembr\u012b atv\u0113ra savas durvis gandr\u012bz 1000 skol\u0113niem un 45 pedagogiem. Skol\u0101 katrs izgl\u012btojamais var ieg\u016bt kvalitat\u012bvu un konkur\u0113tsp\u0113j\u012bgu izgl\u012bt\u012bbu. T\u0101 ir pirm\u0101 skola pils\u0113t\u0101, kas s\u0101ka realiz\u0113t programmu ar padzi\u013cin\u0101tu m\u016bzikas <span class=\"readmore\"><a href=\"https:\/\/6vsk.lv\/index.php\/par-skolu\/\">Continue Reading<\/a><\/span><\/p>\n","protected":false},"author":1,"featured_media":0,"parent":0,"menu_order":0,"comment_status":"closed","ping_status":"closed","template":"","meta":{"footnotes":""},"class_list":["post-292","page","type-page","status-publish","hentry"],"_links":{"self":[{"href":"https:\/\/6vsk.lv\/index.php\/wp-json\/wp\/v2\/pages\/292","targetHints":{"allow":["GET"]}}],"collection":[{"href":"https:\/\/6vsk.lv\/index.php\/wp-json\/wp\/v2\/pages"}],"about":[{"href":"https:\/\/6vsk.lv\/index.php\/wp-json\/wp\/v2\/types\/page"}],"author":[{"embeddable":true,"href":"https:\/\/6vsk.lv\/index.php\/wp-json\/wp\/v2\/users\/1"}],"replies":[{"embeddable":true,"href":"https:\/\/6vsk.lv\/index.php\/wp-json\/wp\/v2\/comments?post=292"}],"version-history":[{"count":4,"href":"https:\/\/6vsk.lv\/index.php\/wp-json\/wp\/v2\/pages\/292\/revisions"}],"predecessor-version":[{"id":1754,"href":"https:\/\/6vsk.lv\/index.php\/wp-json\/wp\/v2\/pages\/292\/revisions\/1754"}],"wp:attachment":[{"href":"https:\/\/6vsk.lv\/index.php\/wp-json\/wp\/v2\/media?parent=292"}],"curies":[{"name":"wp","href":"https:\/\/api.w.org\/{rel}","templated":true}]}}