{"id":444,"date":"2021-11-04T08:34:37","date_gmt":"2021-11-04T06:34:37","guid":{"rendered":"http:\/\/test.6vsk.lv\/?page_id=444"},"modified":"2026-01-15T14:54:09","modified_gmt":"2026-01-15T12:54:09","slug":"skolotaji","status":"publish","type":"page","link":"https:\/\/6vsk.lv\/index.php\/skolotaji\/","title":{"rendered":"Pedagogi"},"content":{"rendered":"\n<ul class=\"wp-block-list\">\n<li><a href=\"http:\/\/6vsk.lv\/wp-content\/uploads\/2024\/10\/Mg.png\" data-type=\"URL\" data-id=\"http:\/\/6vsk.lv\/wp-content\/uploads\/2024\/10\/Mg.png\" target=\"_blank\" rel=\"noreferrer noopener\">Direktore<\/a><\/li>\n\n\n\n<li><a href=\"http:\/\/6vsk.lv\/wp-content\/uploads\/2025\/09\/administr.png\" target=\"_blank\" rel=\"noreferrer noopener\">Skolas administr\u0101cija<\/a><\/li>\n\n\n\n<li><a href=\"http:\/\/6vsk.lv\/wp-content\/uploads\/2026\/01\/Svesval-1.png\" target=\"_blank\" rel=\"noreferrer noopener\">Sve\u0161valodu skolot\u0101ji<\/a><\/li>\n\n\n\n<li><a href=\"http:\/\/6vsk.lv\/wp-content\/uploads\/2025\/10\/Latv.val_.-1.png\" target=\"_blank\" rel=\"noreferrer noopener\">Latvie\u0161u valodas skolot\u0101ji<\/a><\/li>\n\n\n\n<li><a href=\"http:\/\/6vsk.lv\/wp-content\/uploads\/2026\/01\/mat.png\" target=\"_blank\" rel=\"noreferrer noopener\">Matem\u0101tikas m\u0101c\u012bbu jomas skolot\u0101ji<\/a><\/li>\n\n\n\n<li><a href=\"http:\/\/6vsk.lv\/wp-content\/uploads\/2026\/01\/SOC-2.png\" target=\"_blank\" rel=\"noreferrer noopener\">Soci\u0101l\u0101s un pilsonisk\u0101s m\u0101c\u012bbu jomas skolot\u0101ji<\/a><\/li>\n\n\n\n<li><a href=\"http:\/\/6vsk.lv\/wp-content\/uploads\/2026\/01\/DABAS.png\" target=\"_blank\" rel=\"noreferrer noopener\">Dabaszin\u0101t\u0146u m\u0101c\u012bbu jomas skolot\u0101ji<\/a><\/li>\n\n\n\n<li><a href=\"http:\/\/6vsk.lv\/wp-content\/uploads\/2026\/01\/muz-1.png\" target=\"_blank\" rel=\"noreferrer noopener\">Kult\u016bras izpratnes un pa\u0161izpausmes m\u0101ksl\u0101 m\u0101c\u012bbu jomas skolot\u0101ji<\/a><\/li>\n\n\n\n<li><a href=\"http:\/\/6vsk.lv\/wp-content\/uploads\/2023\/11\/it.png\" data-type=\"URL\" data-id=\"http:\/\/6vsk.lv\/wp-content\/uploads\/2022\/10\/tehn-scaled.jpg\" target=\"_blank\" rel=\"noreferrer noopener\">Tehnolo\u0123iju m\u0101c\u012bbu jomas skolot\u0101ji<\/a><\/li>\n\n\n\n<li><a href=\"http:\/\/6vsk.lv\/wp-content\/uploads\/2026\/01\/Sakumsk-3.png\" target=\"_blank\" rel=\"noreferrer noopener\">S\u0101kumskolas skolot\u0101ji<\/a><\/li>\n\n\n\n<li><a href=\"http:\/\/6vsk.lv\/wp-content\/uploads\/2025\/09\/sports-1.png\" data-type=\"URL\" data-id=\"http:\/\/6vsk.lv\/wp-content\/uploads\/2024\/10\/sports.png\" target=\"_blank\" rel=\"noreferrer noopener\">Sporta un vesel\u012bbas m\u0101c\u012bbu jomas skolot\u0101ji<\/a><\/li>\n<\/ul>\n\n\n\n<p><\/p>\n","protected":false},"excerpt":{"rendered":"","protected":false},"author":1,"featured_media":0,"parent":0,"menu_order":0,"comment_status":"closed","ping_status":"closed","template":"","meta":{"footnotes":""},"class_list":["post-444","page","type-page","status-publish","hentry"],"_links":{"self":[{"href":"https:\/\/6vsk.lv\/index.php\/wp-json\/wp\/v2\/pages\/444","targetHints":{"allow":["GET"]}}],"collection":[{"href":"https:\/\/6vsk.lv\/index.php\/wp-json\/wp\/v2\/pages"}],"about":[{"href":"https:\/\/6vsk.lv\/index.php\/wp-json\/wp\/v2\/types\/page"}],"author":[{"embeddable":true,"href":"https:\/\/6vsk.lv\/index.php\/wp-json\/wp\/v2\/users\/1"}],"replies":[{"embeddable":true,"href":"https:\/\/6vsk.lv\/index.php\/wp-json\/wp\/v2\/comments?post=444"}],"version-history":[{"count":60,"href":"https:\/\/6vsk.lv\/index.php\/wp-json\/wp\/v2\/pages\/444\/revisions"}],"predecessor-version":[{"id":2614,"href":"https:\/\/6vsk.lv\/index.php\/wp-json\/wp\/v2\/pages\/444\/revisions\/2614"}],"wp:attachment":[{"href":"https:\/\/6vsk.lv\/index.php\/wp-json\/wp\/v2\/media?parent=444"}],"curies":[{"name":"wp","href":"https:\/\/api.w.org\/{rel}","templated":true}]}}