{"id":57,"date":"2021-07-01T08:34:23","date_gmt":"2021-07-01T08:34:23","guid":{"rendered":"http:\/\/test.6vsk.lv\/?page_id=57"},"modified":"2026-03-24T11:22:39","modified_gmt":"2026-03-24T09:22:39","slug":"skoleniem","status":"publish","type":"page","link":"https:\/\/6vsk.lv\/index.php\/skoleniem\/","title":{"rendered":"SKOL\u0112NIEM UN VEC\u0100KIEM"},"content":{"rendered":"\n<p class=\"has-text-align-left has-normal-font-size\"><a href=\"http:\/\/6vsk.lv\/wp-content\/uploads\/2022\/10\/zvanu-saraksts.png\" target=\"_blank\" rel=\"noreferrer noopener\">Zvanu saraksts<\/a><\/p>\n\n\n\n<p class=\"has-text-align-left has-normal-font-size\"><a href=\"http:\/\/6vsk.lv\/wp-content\/uploads\/2026\/01\/Konsultacijas_no_19.01.2026.pdf\" target=\"_blank\" rel=\"noreferrer noopener\">Skol\u0113nu konsult\u0101cijas laiki<\/a><\/p>\n\n\n\n<p><a href=\"http:\/\/6vsk.lv\/wp-content\/uploads\/2026\/01\/Kopigais_macibu_darba_plans2025_2026-GROZIJUMI_1.pdf\" target=\"_blank\" rel=\"noreferrer noopener\">Skolas monitoringa darbu, treni\u0146eks\u0101menu, m\u0101c\u012bbu priek\u0161metu olimpi\u0101\u017eu, ZPD konferences grafiks<\/a><\/p>\n\n\n\n<p>Valsts p\u0101rbaudes monitoringa darbi <a href=\"http:\/\/6vsk.lv\/wp-content\/uploads\/2026\/03\/Grozijumi_VPD_MD_3_6_klases.pdf\" target=\"_blank\" rel=\"noreferrer noopener\">(3., 6. klas\u0113s;<\/a> <a href=\"http:\/\/6vsk.lv\/wp-content\/uploads\/2026\/03\/Grozijumi_VPD_Vienotas_skolas_ietvaros_MD_2_5_8.pdf\" target=\"_blank\" rel=\"noreferrer noopener\">2., 5., 8. klas\u0113s;<\/a> <a href=\"http:\/\/6vsk.lv\/wp-content\/uploads\/2026\/03\/Grozijumi_MD_9.klases-1.pdf\" target=\"_blank\" rel=\"noreferrer noopener\">9.klas\u0113s)<\/a><\/p>\n\n\n\n<p><a href=\"http:\/\/6vsk.lv\/wp-content\/uploads\/2026\/01\/Centralizetie_eksameni_2025_2026.pdf\" target=\"_blank\" rel=\"noreferrer noopener\">Eks\u0101menu norises grafiks<\/a><\/p>\n\n\n\n<p><a href=\"http:\/\/6vsk.lv\/wp-content\/uploads\/2026\/02\/Apstiprinats_fakultativi_no_19.01.2026.pdf\" target=\"_blank\" rel=\"noreferrer noopener\">Fakultat\u012bv\u0101s nodarb\u012bbas<\/a><\/p>\n\n\n\n<p class=\"has-text-align-left has-normal-font-size\"><a href=\"http:\/\/6vsk.lv\/wp-content\/uploads\/2025\/10\/Muzikas_-programmu_nodarbibu_-grafiks.pdf\" target=\"_blank\" rel=\"noreferrer noopener\">M\u016bzikas programmas nodarb\u012bbu saraksts<\/a><\/p>\n\n\n\n<p class=\"has-text-align-left has-normal-font-size\"><a href=\"http:\/\/6vsk.lv\/wp-content\/uploads\/2025\/10\/Pagarinatas_dienas_grupa_2025_2026.pdf\" target=\"_blank\" rel=\"noreferrer noopener\">Pagarin\u0101tas dienas grupas<\/a><\/p>\n\n\n\n<p><a href=\"http:\/\/6vsk.lv\/wp-content\/uploads\/2025\/11\/Audzinasanas-darba-plans-2025_-2026.pdf\" target=\"_blank\" rel=\"noreferrer noopener\">Audzin\u0101\u0161anas darba pl\u0101ns<\/a><\/p>\n\n\n\n<p><a href=\"http:\/\/6vsk.lv\/wp-content\/uploads\/2025\/10\/kl.audz_.saraksts-2025-2026.pdf\" target=\"_blank\" rel=\"noreferrer noopener\">Klases audzin\u0101t\u0101ju saraksts<\/a><\/p>\n\n\n\n<p class=\"has-text-align-left has-normal-font-size\"><a href=\"http:\/\/6vsk.lv\/wp-content\/uploads\/2025\/10\/Pasparvaldes-darba-plans-.-2025-2026-1.semestris.pdf\" target=\"_blank\" rel=\"noreferrer noopener\">Skol\u0113nu pa\u0161p\u0101rvaldes darba pl\u0101ns<\/a><\/p>\n\n\n\n<p><a href=\"http:\/\/6vsk.lv\/wp-content\/uploads\/2026\/01\/Karjeras-izglitibas-programma-2025-2028-m_g.pdf\">Karjeras izgl\u012bt\u012bbas programma<\/a><\/p>\n\n\n\n<p><a href=\"http:\/\/6vsk.lv\/wp-content\/uploads\/2025\/05\/macibu_-lidzeklu_-saraksts.pdf\" target=\"_blank\" rel=\"noreferrer noopener\">Izmantojamo m\u0101c\u012bbu l\u012bdzek\u013cu saraksts<\/a><\/p>\n\n\n\n<p><a href=\"http:\/\/6vsk.lv\/wp-content\/uploads\/2025\/03\/Rezeknes_6.pamatskolas_Goda_Gramata.pdf\" target=\"_blank\" rel=\"noreferrer noopener\">Goda Gr\u0101matas noteikumi<\/a><\/p>\n\n\n\n<p><a rel=\"noreferrer noopener\" href=\"http:\/\/6vsk.lv\/wp-content\/uploads\/2024\/02\/ricib_algor_aaei_covid_berni_201223.pdf\" target=\"_blank\">R\u012bc\u012bbas algoritms, ja b\u0113rnam ir ak\u016btas elpce\u013cu infekcijas slim\u012bbas paz\u012bmes<\/a><\/p>\n\n\n\n<p><\/p>\n\n\n\n<p><\/p>\n","protected":false},"excerpt":{"rendered":"<p>Zvanu saraksts Skol\u0113nu konsult\u0101cijas laiki Skolas monitoringa darbu, treni\u0146eks\u0101menu, m\u0101c\u012bbu priek\u0161metu olimpi\u0101\u017eu, ZPD konferences grafiks Valsts p\u0101rbaudes monitoringa darbi (3., 6. klas\u0113s; 2., 5., 8. klas\u0113s; 9.klas\u0113s) Eks\u0101menu norises grafiks Fakultat\u012bv\u0101s nodarb\u012bbas M\u016bzikas programmas nodarb\u012bbu saraksts Pagarin\u0101tas dienas grupas Audzin\u0101\u0161anas <span class=\"readmore\"><a href=\"https:\/\/6vsk.lv\/index.php\/skoleniem\/\">Continue Reading<\/a><\/span><\/p>\n","protected":false},"author":1,"featured_media":0,"parent":0,"menu_order":0,"comment_status":"closed","ping_status":"closed","template":"","meta":{"footnotes":""},"class_list":["post-57","page","type-page","status-publish","hentry"],"_links":{"self":[{"href":"https:\/\/6vsk.lv\/index.php\/wp-json\/wp\/v2\/pages\/57","targetHints":{"allow":["GET"]}}],"collection":[{"href":"https:\/\/6vsk.lv\/index.php\/wp-json\/wp\/v2\/pages"}],"about":[{"href":"https:\/\/6vsk.lv\/index.php\/wp-json\/wp\/v2\/types\/page"}],"author":[{"embeddable":true,"href":"https:\/\/6vsk.lv\/index.php\/wp-json\/wp\/v2\/users\/1"}],"replies":[{"embeddable":true,"href":"https:\/\/6vsk.lv\/index.php\/wp-json\/wp\/v2\/comments?post=57"}],"version-history":[{"count":94,"href":"https:\/\/6vsk.lv\/index.php\/wp-json\/wp\/v2\/pages\/57\/revisions"}],"predecessor-version":[{"id":2774,"href":"https:\/\/6vsk.lv\/index.php\/wp-json\/wp\/v2\/pages\/57\/revisions\/2774"}],"wp:attachment":[{"href":"https:\/\/6vsk.lv\/index.php\/wp-json\/wp\/v2\/media?parent=57"}],"curies":[{"name":"wp","href":"https:\/\/api.w.org\/{rel}","templated":true}]}}