{"id":71,"date":"2021-07-01T08:43:48","date_gmt":"2021-07-01T08:43:48","guid":{"rendered":"http:\/\/test.6vsk.lv\/?page_id=71"},"modified":"2026-03-16T15:01:42","modified_gmt":"2026-03-16T13:01:42","slug":"dokumenti","status":"publish","type":"page","link":"https:\/\/6vsk.lv\/index.php\/dokumenti\/","title":{"rendered":""},"content":{"rendered":"\n<h2 class=\"wp-block-heading\">Att\u012bst\u012bbas pl\u0101ns<\/h2>\n\n\n\n<p class=\"has-text-align-left\"><a href=\"http:\/\/6vsk.lv\/wp-content\/uploads\/2024\/09\/Rezeknes_6_pamatskolas_attistibas_plans_Aktualizets.pdf\">ATT\u012aST\u012aBAS PL\u0100NS 2023.\/2024.m.g. -2025.\/2026.m.g. (aktualiz\u0113ts)<\/a><\/p>\n\n\n\n<h2 class=\"wp-block-heading\">Darba pl\u0101ns <\/h2>\n\n\n\n<p><a href=\"http:\/\/6vsk.lv\/wp-content\/uploads\/2025\/10\/Skolas_darba_plans_2025_2026.pdf\" data-type=\"URL\" data-id=\"http:\/\/6vsk.lv\/wp-content\/uploads\/2023\/11\/Skolas_darba_plans_2023_2024.pdf\" target=\"_blank\" rel=\"noreferrer noopener\">Darba pl\u0101ns 2025.\/2026.m.g.<\/a><\/p>\n\n\n\n<h2 class=\"wp-block-heading\">Iek\u0161\u0113jie noteikumi<\/h2>\n\n\n\n<ul class=\"wp-block-list\">\n<li><a rel=\"noreferrer noopener\" href=\"http:\/\/6vsk.lv\/wp-content\/uploads\/2023\/11\/Ieksejas-kartibas-noteikumi-2023-1.pdf\" data-type=\"URL\" data-id=\"http:\/\/6vsk.lv\/wp-content\/uploads\/2023\/11\/Ieksejas-kartibas-noteikumi-2023.pdf\" target=\"_blank\">Iek\u0161\u0113j\u0101s k\u0101rt\u012bbas noteikumi<\/a> \n<ul class=\"wp-block-list\">\n<li><a href=\"http:\/\/6vsk.lv\/wp-content\/uploads\/2024\/04\/grozijumi-ieksejas-kartibas-noteikumos.pdf\" data-type=\"URL\" data-id=\"http:\/\/6vsk.lv\/wp-content\/uploads\/2024\/04\/grozijumi-ieksejas-kartibas-noteikumos.pdf\" target=\"_blank\" rel=\"noreferrer noopener\">(Groz\u012bjumi 05.04.2024.)<\/a> <a href=\"http:\/\/6vsk.lv\/wp-content\/uploads\/2024\/09\/grozijumi_02.09.2024.pdf\" target=\"_blank\" rel=\"noreferrer noopener\">(Groz\u012bjumi 02.09.2024.)<\/a> <a href=\"http:\/\/6vsk.lv\/wp-content\/uploads\/2025\/02\/grozijumi_21.01.2025.pdf\" target=\"_blank\" rel=\"noreferrer noopener\">(Groz\u012bjumi 21.01.2025.)<\/a> <a href=\"http:\/\/6vsk.lv\/wp-content\/uploads\/2025\/04\/Rikojums-par-grozijumiem-ieksejas-kartibas-noteikumos.pdf\" data-type=\"link\" data-id=\"http:\/\/6vsk.lv\/wp-content\/uploads\/2025\/04\/Rikojums-par-grozijumiem-ieksejas-kartibas-noteikumos.pdf\" target=\"_blank\" rel=\"noreferrer noopener\">(Groz\u012bjumi 17.03.2025)<\/a><a href=\"http:\/\/6vsk.lv\/wp-content\/uploads\/2025\/08\/Grozijumi-01.09.2025.pdf\" target=\"_blank\" rel=\"noreferrer noopener\"> (Groz\u012bjumi 01.09.2025)<\/a> <a href=\"http:\/\/6vsk.lv\/wp-content\/uploads\/2026\/03\/Grozijumi-16.03.2026.pdf\" target=\"_blank\" rel=\"noreferrer noopener\">(Groz\u012bjumi 13.03.2026)<\/a><\/li>\n<\/ul>\n<\/li>\n\n\n\n<li><a href=\"http:\/\/6vsk.lv\/wp-content\/uploads\/2023\/11\/Izglitojamo-drosibas-noteikumi-2023.pdf\" data-type=\"URL\" data-id=\"http:\/\/6vsk.lv\/wp-content\/uploads\/2023\/11\/Izglitojamo-drosibas-noteikumi-2023.pdf\" target=\"_blank\" rel=\"noreferrer noopener\">Izgl\u012btojamo dro\u0161\u012bbas noteikumi<\/a><\/li>\n\n\n\n<li><a href=\"http:\/\/6vsk.lv\/wp-content\/uploads\/2024\/09\/Vertesanas_kartiba2024_2025.pdf\" target=\"_blank\" rel=\"noreferrer noopener\">Izgl\u012btojamo m\u0101c\u012bbu sasniegumu v\u0113rt\u0113\u0161anas k\u0101rt\u012bba<\/a><\/li>\n\n\n\n<li><a href=\"http:\/\/6vsk.lv\/wp-content\/uploads\/2023\/10\/Attalinato-macibu-organizesanas-kartiba-Rezeknes-6.pamatskola.pdf\" data-type=\"URL\" data-id=\"http:\/\/6vsk.lv\/wp-content\/uploads\/2023\/10\/Attalinato-macibu-organizesanas-kartiba-Rezeknes-6.pamatskola.pdf\" target=\"_blank\" rel=\"noreferrer noopener\">Att\u0101lin\u0101t\u0101 m\u0101c\u012bbu procesa organiz\u0113\u0161anas k\u0101rt\u012bba<\/a><\/li>\n\n\n\n<li><a href=\"http:\/\/6vsk.lv\/wp-content\/uploads\/2023\/11\/kartiba-kada-notiek-sadarbiba-ar-izglitojamo-vecakiem.pdf\" data-type=\"URL\" data-id=\"http:\/\/6vsk.lv\/wp-content\/uploads\/2023\/11\/kartiba-kada-notiek-sadarbiba-ar-izglitojamo-vecakiem.pdf\" target=\"_blank\" rel=\"noreferrer noopener\">K\u0101rt\u012bba, k\u0101d\u0101 notiek sadarb\u012bba ar izgl\u012btojamo vec\u0101kiem<\/a><\/li>\n\n\n\n<li><a href=\"http:\/\/6vsk.lv\/wp-content\/uploads\/2023\/04\/Atbalsta-komandas-darbibas-reglaments.pdf\" data-type=\"URL\" data-id=\"http:\/\/6vsk.lv\/wp-content\/uploads\/2023\/04\/Atbalsta-komandas-darbibas-reglaments.pdf\" target=\"_blank\" rel=\"noreferrer noopener\">Atbalsta komandas darb\u012bbas reglaments<\/a><\/li>\n\n\n\n<li><a href=\"http:\/\/6vsk.lv\/wp-content\/uploads\/2023\/10\/Audzinasanas-darba-programma.pdf\" data-type=\"URL\" data-id=\"http:\/\/6vsk.lv\/wp-content\/uploads\/2023\/10\/Audzinasanas-darba-programma.pdf\" target=\"_blank\" rel=\"noreferrer noopener\">Audzin\u0101\u0161anas darba programma<\/a><\/li>\n\n\n\n<li><a href=\"http:\/\/6vsk.lv\/wp-content\/uploads\/2022\/12\/izglitojamo-pasparvaldes-reglaments.pdf\" data-type=\"URL\" data-id=\"http:\/\/6vsk.lv\/wp-content\/uploads\/2022\/12\/izglitojamo-pasparvaldes-reglaments.pdf\" target=\"_blank\" rel=\"noreferrer noopener\">Izgl\u012btojamo pa\u0161p\u0101rvaldes reglaments<\/a><\/li>\n\n\n\n<li><a rel=\"noreferrer noopener\" href=\"http:\/\/6vsk.lv\/wp-content\/uploads\/2023\/10\/pagarinatas-dienas-grupas-darbibas-kartiba.pdf\" data-type=\"URL\" data-id=\"http:\/\/6vsk.lv\/wp-content\/uploads\/2022\/12\/pagarinatas-dienas-grupas-darbibas-kartiba.pdf\" target=\"_blank\">Pagarin\u0101t\u0101s dienas grupas darb\u012bbas k\u0101rt\u012bba<\/a><\/li>\n\n\n\n<li><a href=\"http:\/\/6vsk.lv\/wp-content\/uploads\/2025\/03\/Skolas_lepnums_-2025.pdf\" data-type=\"attachment\" data-id=\"2101\" target=\"_blank\" rel=\"noreferrer noopener\">\u201cSKOLAS LEPNUMS\u201d pasnieg\u0161anas k\u0101rt\u012bba<\/a><\/li>\n<\/ul>\n\n\n\n<h2 class=\"wp-block-heading\">Likumi<\/h2>\n\n\n\n<ul class=\"wp-block-list\">\n<li><a rel=\"noreferrer noopener\" href=\"http:\/\/www.likumi.lv\/doc.php?id=50759\" target=\"_blank\">Izgl\u012bt\u012bbas likums<\/a><\/li>\n\n\n\n<li><a rel=\"noreferrer noopener\" href=\"http:\/\/www.likumi.lv\/doc.php?id=20243\" target=\"_blank\">Visp\u0101r\u0113j\u0101s izgl\u012bt\u012bbas likums<\/a><\/li>\n\n\n\n<li><a rel=\"noreferrer noopener\" href=\"http:\/\/www.likumi.lv\/doc.php?id=20244\" target=\"_blank\">Profesion\u0101l\u0101s izgl\u012bt\u012bbas likums<\/a><\/li>\n\n\n\n<li><a rel=\"noreferrer noopener\" href=\"http:\/\/www.likumi.lv\/doc.php?id=14740\" target=\"_blank\">Valsts valodas likums<\/a><\/li>\n\n\n\n<li><a rel=\"noreferrer noopener\" href=\"http:\/\/www.likumi.lv\/doc.php?id=68293\" target=\"_blank\">Ugunsdro\u0161\u012bbas un ugunsdz\u0113s\u012bbas likums<\/a><\/li>\n\n\n\n<li><a rel=\"noreferrer noopener\" href=\"http:\/\/www.likumi.lv\/doc.php?id=49096\" target=\"_blank\">B\u0113rnu ties\u012bbu aizsardz\u012bbas likums<\/a><\/li>\n\n\n\n<li><a rel=\"noreferrer noopener\" href=\"http:\/\/www.likumi.lv\/doc.php?id=45467\" target=\"_blank\">Ce\u013cu satiksmes likums<\/a><\/li>\n<\/ul>\n\n\n\n<ul class=\"wp-block-list\">\n<li><a href=\"http:\/\/6vsk.lv\/index.php\/pieklustamibas-pazinojums\/\"> Piek\u013c\u016bstam\u012bbas pazi\u0146ojums<\/a><\/li>\n<\/ul>\n","protected":false},"excerpt":{"rendered":"<p>Att\u012bst\u012bbas pl\u0101ns ATT\u012aST\u012aBAS PL\u0100NS 2023.\/2024.m.g. -2025.\/2026.m.g. (aktualiz\u0113ts) Darba pl\u0101ns Darba pl\u0101ns 2025.\/2026.m.g. Iek\u0161\u0113jie noteikumi Likumi<\/p>\n","protected":false},"author":1,"featured_media":0,"parent":0,"menu_order":0,"comment_status":"closed","ping_status":"closed","template":"","meta":{"footnotes":""},"class_list":["post-71","page","type-page","status-publish","hentry"],"_links":{"self":[{"href":"https:\/\/6vsk.lv\/index.php\/wp-json\/wp\/v2\/pages\/71","targetHints":{"allow":["GET"]}}],"collection":[{"href":"https:\/\/6vsk.lv\/index.php\/wp-json\/wp\/v2\/pages"}],"about":[{"href":"https:\/\/6vsk.lv\/index.php\/wp-json\/wp\/v2\/types\/page"}],"author":[{"embeddable":true,"href":"https:\/\/6vsk.lv\/index.php\/wp-json\/wp\/v2\/users\/1"}],"replies":[{"embeddable":true,"href":"https:\/\/6vsk.lv\/index.php\/wp-json\/wp\/v2\/comments?post=71"}],"version-history":[{"count":76,"href":"https:\/\/6vsk.lv\/index.php\/wp-json\/wp\/v2\/pages\/71\/revisions"}],"predecessor-version":[{"id":2761,"href":"https:\/\/6vsk.lv\/index.php\/wp-json\/wp\/v2\/pages\/71\/revisions\/2761"}],"wp:attachment":[{"href":"https:\/\/6vsk.lv\/index.php\/wp-json\/wp\/v2\/media?parent=71"}],"curies":[{"name":"wp","href":"https:\/\/api.w.org\/{rel}","templated":true}]}}