{"id":74,"date":"2021-07-01T08:43:52","date_gmt":"2021-07-01T08:43:52","guid":{"rendered":"http:\/\/test.6vsk.lv\/?page_id=74"},"modified":"2025-05-27T09:45:05","modified_gmt":"2025-05-27T06:45:05","slug":"latvijas-skolas-soma","status":"publish","type":"page","link":"https:\/\/6vsk.lv\/index.php\/latvijas-skolas-soma\/","title":{"rendered":""},"content":{"rendered":"<div class=\"wp-block-image\">\n<figure class=\"aligncenter size-full\"><img loading=\"lazy\" decoding=\"async\" width=\"558\" height=\"197\" src=\"http:\/\/6vsk.lv\/wp-content\/uploads\/2021\/11\/skolsoma.jpg\" alt=\"\" class=\"wp-image-367\" srcset=\"https:\/\/6vsk.lv\/wp-content\/uploads\/2021\/11\/skolsoma.jpg 558w, https:\/\/6vsk.lv\/wp-content\/uploads\/2021\/11\/skolsoma-300x106.jpg 300w\" sizes=\"auto, (max-width: 558px) 100vw, 558px\" \/><\/figure><\/div>\n\n\n<p><strong>Programa \u201cLatvijas skolas soma\u201d 2024.\/2025. m.g.<\/strong><br><strong>&#8220;Skolas somas&#8221; pas\u0101kumi 2. semestr\u012b<\/strong>:<\/p>\n\n\n\n<ul class=\"wp-block-list\">\n<li><a href=\"http:\/\/6vsk.lv\/wp-content\/uploads\/2025\/05\/Relize-Emila-nedarbi.pdf\" target=\"_blank\" rel=\"noreferrer noopener\">Rel\u012bze Em\u012bla nedarbi<\/a><\/li>\n\n\n\n<li><a href=\"http:\/\/6vsk.lv\/wp-content\/uploads\/2025\/05\/relize-Meness-taurenis.pdf\" target=\"_blank\" rel=\"noreferrer noopener\">Rel\u012bze M\u0113ness taurenis<\/a><\/li>\n\n\n\n<li><a href=\"http:\/\/6vsk.lv\/wp-content\/uploads\/2025\/05\/Man-patik-dzivot-Latvija-relize.pdf\" target=\"_blank\" rel=\"noreferrer noopener\">Man pat\u012bk dz\u012bvot Latvij\u0101 rel\u012bze<\/a><\/li>\n<\/ul>\n\n\n\n<p><strong>Programa \u201cLatvijas skolas soma\u201d 2024.\/2025. m.g.<\/strong><br><strong>&#8220;Skolas somas&#8221; pas\u0101kumi 1. semestr\u012b<\/strong>:<\/p>\n\n\n\n<ul class=\"wp-block-list\">\n<li><a href=\"http:\/\/6vsk.lv\/wp-content\/uploads\/2025\/04\/Cirks-un-pantomima-skola.pdf\" target=\"_blank\" rel=\"noreferrer noopener\">Cirks un pantom\u012bma skol\u0101<\/a><\/li>\n\n\n\n<li><a href=\"http:\/\/6vsk.lv\/wp-content\/uploads\/2025\/04\/Relize-Aluksne.pdf\" target=\"_blank\" rel=\"noreferrer noopener\">Rel\u012bze &#8211; Al\u016bksne<\/a><\/li>\n\n\n\n<li><a href=\"http:\/\/6vsk.lv\/wp-content\/uploads\/2025\/04\/Relize-Meza-gulbji_.pdf\" target=\"_blank\" rel=\"noreferrer noopener\">Rel\u012bze &#8211; Me\u017ea gulbji<\/a><\/li>\n\n\n\n<li><a href=\"http:\/\/6vsk.lv\/wp-content\/uploads\/2025\/04\/Ziemassvetku-noskanas-GORA.pdf\" target=\"_blank\" rel=\"noreferrer noopener\">Ziemassv\u0113tku noska\u0146as GOR\u0100<\/a><\/li>\n<\/ul>\n\n\n\n<p><\/p>\n\n\n\n<p><strong><a href=\"http:\/\/6vsk.lv\/wp-content\/uploads\/2023\/10\/Latvijas-skolas-soma-2023-2024_sem.pdf\" data-type=\"URL\" data-id=\"http:\/\/6vsk.lv\/wp-content\/uploads\/2023\/10\/Latvijas-skolas-soma-2023-2024_sem.pdf\" target=\"_blank\" rel=\"noreferrer noopener\">Programa \u201cLatvijas skolas soma\u201d 2023.\/2024. m.g.<\/a><\/strong><\/p>\n\n\n\n<p><\/p>\n\n\n\n<p><strong>Jau piekto gadu kop\u0101 ar Latvijas skolas somu<\/strong><\/p>\n\n\n\n<p>Kad projekts \u201cLatvijas skolas soma\u201d s\u0101ka savu darb\u012bbu, m\u0113s m\u0101c\u012bj\u0101mies 3. klas\u0113. Taj\u0101 laik\u0101 m\u0113s v\u0113l nesaprat\u0101m ,kas tas\u201d projekts\u201d ir, bet klases audzin\u0101t\u0101ja mums past\u0101st\u012bja, ka m\u0113s var\u0113sim&nbsp; katru semestri apmekl\u0113t vienu vai pat vair\u0101kus kult\u016bras pas\u0101kumus: te\u0101tra izr\u0101des, meistardarbn\u012bcas, koncertus, nodarb\u012bbas muzej\u0101, kuru laik\u0101 gan papildin\u0101sim m\u0101c\u012bbu stund\u0101s-latvie\u0161u valod\u0101 un literat\u016br\u0101, v\u0113stur\u0113, vizu\u0101laj\u0101 m\u0101ksl\u0101 apg\u016bt\u0101s zin\u0101\u0161anas, gan ieg\u016bsim jaunas.<\/p>\n\n\n\n<p>Pirmais pas\u0101kums, uz kuru m\u0113s jau septembr\u012b dev\u0101mies, bija izr\u0101de \u201cS\u0101rtais ziedi\u0146\u0161\u201d&nbsp; R\u0113zeknes te\u0101tr\u012b \u201cJoriks\u201d. Izr\u0101de bija kr\u0101\u0161\u0146a un interesanta.<\/p>\n\n\n\n<p>3. klases pavasar\u012b m\u0113s v\u0113lreiz paviesoj\u0101mies te\u0101tr\u012b \u201cJoriks\u201d un noskat\u012bj\u0101mies le\u013c\u013cu te\u0101tea izr\u0101di.<\/p>\n\n\n\n<p>Kad m\u0113s m\u0101c\u012bj\u0101mies 4. klas\u0113, \u012bsi pirms Ziemassv\u0113tkiem apmekl\u0113j\u0101m kr\u0101\u0161\u0146o izr\u0101di \u201cCariene Varde\u201d.<\/p>\n\n\n\n<p>\u0160\u012b izr\u0101de mums \u013citi patika. V\u0113l tagad atceramies skaistos t\u0113rpus un dekor\u0101cijas un to,&nbsp; k\u0101 jut\u0101m l\u012bdzi meitenei, kad \u013caun\u0101 burve vi\u0146u p\u0101rv\u0113rta par vardi un k\u0101 priec\u0101j\u0101mies, ka pasakas beig\u0101s labais uzvar\u0113ja.<\/p>\n\n\n\n<p>4. klases pavasar\u012b pie mums skol\u0101 viesoj\u0101s gleznot\u0101ju&nbsp; Aijas Princes un Daigas Kr\u016bmi\u0146as M\u0101kslas studija ar nodarb\u012bbu \u201cTradicion\u0101l\u0101s un netradicion\u0101l\u0101s glezniec\u012bbas tehnikas\u201d. Nodarb\u012bba bija \u013coti aizraujo\u0161a.M\u0113s gleznoj\u0101m ar kr\u0101sain\u0101m smilt\u012bm.<\/p>\n\n\n\n<p>5. klases s\u0101kum\u0101 Covid 19 pand\u0113mijas d\u0113\u013c bij\u0101m spiesti m\u0101c\u012bties att\u0101lin\u0101ti, bet ar\u012b \u0161aj\u0101 laik\u0101 bija iesp\u0113ja baud\u012bt pas\u0101kumus.Ar interesi att\u0101lin\u0101ti noskat\u012bj\u0101mies Mikus un Artas Abaroni\u0146u veidoto koncertlekciju \u201cZiemassv\u0113tki apk\u0101rt pasaulei\u201d, kura m\u016bs iepaz\u012bstin\u0101ja ar da\u017e\u0101du tautu m\u016bziku un Ziemassv\u0113tku trad\u012bcij\u0101m. T\u0101 pa\u0161a m\u0101c\u012bbu gada pavasar\u012b ar\u012b att\u0101lin\u0101ti noskat\u012bj\u0101mies v\u0113l divas \u0161o m\u0101kslinieku koncertlekcijas: \u201cSpr\u0101dziens m\u016bzik\u0101\u201d un \u201cCe\u013cojums apk\u0101rt pasaulei ar Spr\u012bd\u012bti\u201d. Ar\u012b \u0161\u012bs koncertlekcijas papala\u0161\u012bn\u0101ja m\u016bsu zin\u0101\u0161anas par da\u017e\u0101du tautu trad\u012bcij\u0101m , m\u016bziku un m\u016bzikas instrumentiem.<\/p>\n\n\n\n<p>2021.g. oktobr\u012b, kad jau m\u0101c\u012bj\u0101mies 6. klas\u0113, atkal rad\u0101s iesp\u0113ja pas\u0101kumus apmekl\u0113t kl\u0101tien\u0113 un m\u0113s kop\u0101 ar klasi dev\u0101mies uz Latgales v\u0113stniec\u012bbas \u201cGORS\u201d kinoz\u0101li, kur skat\u012bj\u0101mies jauno latvie\u0161u sp\u0113lfilmu \u201cBedre\u201d.\u0160\u012b filma mums \u013coti patika, t\u0101 lika aizdom\u0101ties par b\u0113rnu, m\u016bsu vienaud\u017eu, probl\u0113m\u0101m. P\u0113c tam klases stund\u0101 run\u0101j\u0101m par \u0161o filmu, par labest\u012bbu un cietsird\u012bbu , par galvenaj\u0101m v\u0113rt\u012bb\u0101m cilv\u0113ka dz\u012bv\u0113.<\/p>\n\n\n\n<p>Sagaidot 11. novembri, L\u0101\u010dpl\u0113\u0161a dienu, klases stund\u0101 skat\u012bj\u0101mies koncertlekciju \u201cM\u016bsu barik\u0101\u017eu laiks\u201d. Tas mums lika aizdom\u0101ties par noz\u012bm\u012bg\u0101kajiem pagrieziena punktiem Latvijas v\u0113stur\u0113 un viens no t\u0101diem bija 1991. gada janv\u0101ra notikumi. Protams, par \u0161o t\u0113mu&nbsp; mums bija srt\u0101st\u012bjusi v\u0113stures skolot\u0101ja, bet koncertlekcij\u0101 tas bija par\u0101d\u012bts uzskat\u0101m\u0101k.<\/p>\n\n\n\n<p>6. klases pavasar\u012b, \u012bsi pirms 8. marta, m\u016bsu skol\u0101 viesoj\u0101s Sve\u010du darbn\u012bca. Nodarb\u012bbas vad\u012bt\u0101jas mums past\u0101st\u012bja par sve\u010du lie\u0161anas pirms\u0101kumiem, bet p\u0113c tam mums pa\u0161iem bija iesp\u0113ja izliet savas sveces, izv\u0113l\u0113ties kr\u0101sas un smar\u017eas. Daudzi savas izliet\u0101s svec\u012btes p\u0113c tam d\u0101vin\u0101ja sav\u0101m mamm\u0101m un vecm\u0101mi\u0146\u0101m 8. marta sv\u0113tkos.<\/p>\n\n\n\n<p>Marta beig\u0101s m\u0113s ar klasi g\u0101j\u0101m uz Latgales Kult\u016brv\u0113stures muzeju un apmekl\u0113j\u0101m tur muzejpedago\u0123isko nodarb\u012bbu \u201cDzied circen\u012btis aizkr\u0101sn\u0113\u201d. Nodarb\u012bba bija \u013coti aizkustino\u0161a. Taj\u0101 m\u0113s uzzin\u0101j\u0101m vair\u0101k par deport\u0101cij\u0101m,&nbsp; par da\u017e\u0101m \u0123imen\u0113m no R\u0113zeknes, kuras bija izvestas uz Sib\u012briju un tie\u0161i par \u0161o \u0123ime\u0146u b\u0113rnu likte\u0146iem.<\/p>\n\n\n\n<p>Muzejpedago\u0123e mums las\u012bja \u0161o b\u0113rnu dienasgr\u0101matu fragmentus, r\u0101d\u012bja z\u012bm\u0113jumus.M\u0113s uzzin\u0101j\u0101m, ka viena no \u0161\u012bm \u201cSib\u012brijas meiten\u0113m\u201d joproj\u0101m ir dz\u012bva un dz\u012bvo m\u016bsu pils\u0113t\u0101.<\/p>\n\n\n\n<p>Lai m\u0113s lab\u0101k var\u0113tu iedom\u0101ties , k\u0101 jut\u0101s b\u0113rni Sib\u012brij\u0101, mums bija iesp\u0113ja ap\u0123\u0113rbties l\u012bdz\u012bg\u0101s dr\u0113b\u0113s un apavos, k\u0101dos vi\u0146i kilometriem t\u0101lu dev\u0101s uz skolu. \u0160\u012b nodarb\u012bba mums dzi\u013c\u0101k lika saprast v\u0113l da\u017eas Latvijas v\u0113stures lappuses, izjust visas t\u0101s s\u0101pes un \u0161ausmas , ko bija p\u0101rdz\u012bvoju\u0161i \u0161ie cilv\u0113ki, un nov\u0113rt\u0113t savu laim\u012bgo b\u0113rn\u012bbu.<\/p>\n\n\n\n<p>Pag\u0101ju\u0161\u0101 &nbsp;m\u0101c\u012bbu gada beig\u0101s, par godu 4. maijam- Neatkar\u012bbas deklar\u0101cijas parakst\u012b\u0161anas dienai, skol\u0101 viesoj\u0101s m\u0101kslinieki J\u0101nis \u0136irsis un R\u016bta D\u016bduma. Koncerts notika skolas pagalm\u0101. M\u0113s var\u0113j\u0101m klaus\u012bties , dzied\u0101t un pat dejot l\u012bdzi. Skan\u0113ja gan patriotiskas, gan jautras dziesmas.<\/p>\n\n\n\n<p>\u0160\u012b m\u0101c\u012bbu gada s\u0101kum\u0101 skol\u0101 viesoj\u0101s Mikus un Arta Abaroni\u0146i ar koncertlekciju \u201cLe\u0123endas m\u016bzik\u0101\u201d.<\/p>\n\n\n\n<p>\u0160os m\u0101ksliniekus m\u0113s jau bij\u0101m redz\u0113ju\u0161i att\u0101lin\u0101taj\u0101s koncertlekcij\u0101s un t\u0101d\u0113\u013c interesanti bija satikties ar vi\u0146iem kl\u0101tien\u0113. M\u0113s daudz uzzin\u0101j\u0101m par le\u0123end\u0101rajiem latvie\u0161u komponistiem Raimondu Paulu, Imantu Kalni\u0146u un citiem. Nodarb\u012bbas laik\u0101 bija ar\u012b interesanti testa jaut\u0101jumi, uz kuriem mums bija j\u0101atbild.<\/p>\n\n\n\n<p>V\u0113l \u0161\u012b m\u0101c\u012bbu gada ruden\u012b \u201cGORS\u201d kinoz\u0101l\u0113 noskat\u012bj\u0101mies ar\u012b jauno latvie\u0161u sp\u0113lfilmu \u201cM\u0101sas\u201d. St\u0101sts par m\u0101su dz\u012bvi b\u0113rnu nam\u0101 daudzus aizkustin\u0101ja , lika aizdom\u0101ties par attiec\u012bb\u0101m sav\u0101 \u0123imen\u0113 un padom\u0101t par to, cik daudz m\u016bsu vec\u0101ki ikdien\u0101 dara m\u016bsu lab\u0101, bet m\u0113s to ne vienm\u0113r protam nov\u0113rt\u0113t.<\/p>\n\n\n\n<p>Dom\u0101jot par visiem pas\u0101kumiem, ko \u0161o gandr\u012bz piecu gadu laik\u0101 esam apmekl\u0113ju\u0161i, varam teikt, ka esam ieguvu\u0161i \u013coti daudz.Mums ir bijusi iesp\u0113ja iepaz\u012bties ar da\u017e\u0101diem m\u0101kslas veidiem: te\u0101tris, kino, m\u016bzika. Pa\u0161i esam darboju\u0161ies interesant\u0101s meistardarbn\u012bc\u0101s, gleznoju\u0161i ar smilt\u012bm, l\u0113ju\u0161i sveces.<\/p>\n\n\n\n<p>Dzi\u013c\u0101k esam ieskat\u012bju\u0161ies da\u017e\u0101s Latvijas v\u0113stures lappus\u0113s.<\/p>\n\n\n\n<p>Esam \u013coti pateic\u012bgi \u0161\u012bs iniciat\u012bvas autoriem un skolot\u0101jiem. Tas mums, skol\u0113niem, ir \u013coti vajadz\u012bgs. Ceram , ka programma \u201cLatvijas skolas soma\u201d turpin\u0101s savu darbu. Ar nepaciet\u012bbu gaid\u0101m n\u0101kamos pas\u0101kumus.<\/p>\n\n\n\n<p>&nbsp;&nbsp;&nbsp;&nbsp;&nbsp;&nbsp;&nbsp;&nbsp;&nbsp;&nbsp;&nbsp; &nbsp;&nbsp;&nbsp;&nbsp;&nbsp;&nbsp;&nbsp;&nbsp;&nbsp;&nbsp;&nbsp;&nbsp;&nbsp;&nbsp;&nbsp;&nbsp;&nbsp;&nbsp;&nbsp;&nbsp;&nbsp;&nbsp;&nbsp;&nbsp;&nbsp;&nbsp;&nbsp;&nbsp;R\u0113zeknes 6. pamatskolas&nbsp;&nbsp; 7. a klases skol\u0113ni &nbsp;Marks Krilovs un &nbsp;Loreta Krasti\u0146a<\/p>\n\n\n\n<p>&nbsp;&nbsp;&nbsp;&nbsp;&nbsp;&nbsp;&nbsp;&nbsp;&nbsp;&nbsp;&nbsp;&nbsp;&nbsp;&nbsp;&nbsp;&nbsp;&nbsp;&nbsp;&nbsp;&nbsp;&nbsp;&nbsp;&nbsp;&nbsp;&nbsp;&nbsp;&nbsp;&nbsp;&nbsp;&nbsp;&nbsp;&nbsp;&nbsp;&nbsp;&nbsp;&nbsp;&nbsp;&nbsp;&nbsp; Domas apkopot pal\u012bdz\u0113ja klases audzin\u0101t\u0101ja un programmas<\/p>\n\n\n\n<p>&nbsp;&nbsp;&nbsp;&nbsp;&nbsp;&nbsp;&nbsp;&nbsp;&nbsp;&nbsp;&nbsp;&nbsp;&nbsp;&nbsp;&nbsp;&nbsp;&nbsp;&nbsp; &nbsp;&nbsp;&nbsp;&nbsp;&nbsp;&nbsp;&nbsp;&nbsp;&nbsp;&nbsp;&nbsp;&nbsp;&nbsp;&nbsp;&nbsp;&nbsp;&nbsp;&nbsp;&nbsp;&nbsp;\u201eLatvijas skolas soma \u201d koordinatore Vita&nbsp; Laiz\u0101ne<\/p>\n\n\n\n<figure class=\"wp-block-gallery has-nested-images columns-default is-cropped wp-block-gallery-1 is-layout-flex wp-block-gallery-is-layout-flex\">\n<figure class=\"wp-block-image size-full\"><img loading=\"lazy\" decoding=\"async\" width=\"1000\" height=\"1000\" data-id=\"1634\" src=\"http:\/\/6vsk.lv\/wp-content\/uploads\/2023\/10\/Skolas-soma-5-gadi-foto-2.jpg\" alt=\"\" class=\"wp-image-1634\" srcset=\"https:\/\/6vsk.lv\/wp-content\/uploads\/2023\/10\/Skolas-soma-5-gadi-foto-2.jpg 1000w, https:\/\/6vsk.lv\/wp-content\/uploads\/2023\/10\/Skolas-soma-5-gadi-foto-2-300x300.jpg 300w, https:\/\/6vsk.lv\/wp-content\/uploads\/2023\/10\/Skolas-soma-5-gadi-foto-2-150x150.jpg 150w, https:\/\/6vsk.lv\/wp-content\/uploads\/2023\/10\/Skolas-soma-5-gadi-foto-2-768x768.jpg 768w, https:\/\/6vsk.lv\/wp-content\/uploads\/2023\/10\/Skolas-soma-5-gadi-foto-2-240x240.jpg 240w\" sizes=\"auto, (max-width: 1000px) 100vw, 1000px\" \/><\/figure>\n\n\n\n<figure class=\"wp-block-image size-full\"><img loading=\"lazy\" decoding=\"async\" width=\"1000\" height=\"1000\" data-id=\"1635\" src=\"http:\/\/6vsk.lv\/wp-content\/uploads\/2023\/10\/Skolas-soma-5-gadi-foto-1.jpg\" alt=\"\" class=\"wp-image-1635\" srcset=\"https:\/\/6vsk.lv\/wp-content\/uploads\/2023\/10\/Skolas-soma-5-gadi-foto-1.jpg 1000w, https:\/\/6vsk.lv\/wp-content\/uploads\/2023\/10\/Skolas-soma-5-gadi-foto-1-300x300.jpg 300w, https:\/\/6vsk.lv\/wp-content\/uploads\/2023\/10\/Skolas-soma-5-gadi-foto-1-150x150.jpg 150w, https:\/\/6vsk.lv\/wp-content\/uploads\/2023\/10\/Skolas-soma-5-gadi-foto-1-768x768.jpg 768w, https:\/\/6vsk.lv\/wp-content\/uploads\/2023\/10\/Skolas-soma-5-gadi-foto-1-240x240.jpg 240w\" sizes=\"auto, (max-width: 1000px) 100vw, 1000px\" \/><\/figure>\n<\/figure>\n\n\n\n<p><\/p>\n","protected":false},"excerpt":{"rendered":"<p>Programa \u201cLatvijas skolas soma\u201d 2024.\/2025. m.g.&#8220;Skolas somas&#8221; pas\u0101kumi 2. semestr\u012b: Programa \u201cLatvijas skolas soma\u201d 2024.\/2025. m.g.&#8220;Skolas somas&#8221; pas\u0101kumi 1. semestr\u012b: Programa \u201cLatvijas skolas soma\u201d 2023.\/2024. m.g. Jau piekto gadu kop\u0101 ar Latvijas skolas somu Kad projekts \u201cLatvijas skolas soma\u201d s\u0101ka <span class=\"readmore\"><a href=\"https:\/\/6vsk.lv\/index.php\/latvijas-skolas-soma\/\">Continue Reading<\/a><\/span><\/p>\n","protected":false},"author":1,"featured_media":0,"parent":0,"menu_order":0,"comment_status":"closed","ping_status":"closed","template":"","meta":{"footnotes":""},"class_list":["post-74","page","type-page","status-publish","hentry"],"_links":{"self":[{"href":"https:\/\/6vsk.lv\/index.php\/wp-json\/wp\/v2\/pages\/74","targetHints":{"allow":["GET"]}}],"collection":[{"href":"https:\/\/6vsk.lv\/index.php\/wp-json\/wp\/v2\/pages"}],"about":[{"href":"https:\/\/6vsk.lv\/index.php\/wp-json\/wp\/v2\/types\/page"}],"author":[{"embeddable":true,"href":"https:\/\/6vsk.lv\/index.php\/wp-json\/wp\/v2\/users\/1"}],"replies":[{"embeddable":true,"href":"https:\/\/6vsk.lv\/index.php\/wp-json\/wp\/v2\/comments?post=74"}],"version-history":[{"count":27,"href":"https:\/\/6vsk.lv\/index.php\/wp-json\/wp\/v2\/pages\/74\/revisions"}],"predecessor-version":[{"id":2161,"href":"https:\/\/6vsk.lv\/index.php\/wp-json\/wp\/v2\/pages\/74\/revisions\/2161"}],"wp:attachment":[{"href":"https:\/\/6vsk.lv\/index.php\/wp-json\/wp\/v2\/media?parent=74"}],"curies":[{"name":"wp","href":"https:\/\/api.w.org\/{rel}","templated":true}]}}