{"id":75,"date":"2021-07-01T08:43:53","date_gmt":"2021-07-01T08:43:53","guid":{"rendered":"http:\/\/test.6vsk.lv\/?page_id=75"},"modified":"2021-11-02T13:56:04","modified_gmt":"2021-11-02T11:56:04","slug":"projekts-pumpurs","status":"publish","type":"page","link":"https:\/\/6vsk.lv\/index.php\/projekts-pumpurs\/","title":{"rendered":"Projekts PuMPuRS"},"content":{"rendered":"\n<div class=\"wp-block-image\"><figure class=\"aligncenter size-full\"><img loading=\"lazy\" decoding=\"async\" width=\"226\" height=\"101\" src=\"http:\/\/6vsk.lv\/wp-content\/uploads\/2021\/11\/Pumpurs-1.png\" alt=\"\" class=\"wp-image-371\"\/><\/figure><\/div>\n\n\n\n<p><strong>Projekta apraksts<\/strong><\/p>\n\n\n\n<p>Izgl\u012bt\u012bbas kvalit\u0101tes valsts dienests (IKVD) \u012bsteno Eiropas Soci\u0101l\u0101 fonda projektu Nr. 8.3.4.0\/16\/I\/001 \u201cAtbalsts priek\u0161laic\u012bgas m\u0101c\u012bbu p\u0101rtrauk\u0161anas samazin\u0101\u0161anai\u201d, lai mazin\u0101tu to izgl\u012btojamo skaitu, kas p\u0101rtrauc m\u0101c\u012bbas.<\/p>\n\n\n\n<p>Projekts veicina ilgtsp\u0113j\u012bgas sadarb\u012bbas sist\u0113mas veido\u0161anu starp pa\u0161vald\u012bbu, izgl\u012bt\u012bbas iest\u0101d\u0113m, pedagogiem, atbalsta person\u0101lu un izgl\u012btojamo vec\u0101kiem vai p\u0101rst\u0101vjiem, lai laikus identific\u0113tu izgl\u012btojamos ar risku p\u0101rtraukt m\u0101c\u012bbas un sniegtu vi\u0146iem personaliz\u0113tu atbalstu.<\/p>\n\n\n\n<p>Pedagogiem tiek sniegta iesp\u0113ja profesion\u0101li pilnveidoties un stiprin\u0101t prasmes darb\u0101 ar izgl\u012btojamiem. Projekta ietvaros ir izstr\u0101d\u0101ti metodiskie l\u012bdzek\u013ci. Ir izveidota vienota datu b\u0101ze, kas nodro\u0161ina regul\u0101ru inform\u0101cijas apmai\u0146u valsts, pa\u0161vald\u012bbas un izgl\u012bt\u012bbas iest\u0101des l\u012bmen\u012b par izgl\u012btojamiem, kuriem identific\u0113ts risks p\u0101rtraukt m\u0101c\u012bbas, veiktajiem prevent\u012bvajiem pas\u0101kumiem un to rezult\u0101tiem. Tas nodro\u0161ina pilnv\u0113rt\u012bgu statistiku, k\u0101 ar\u012b \u013cauj ilgtermi\u0146\u0101 izv\u0113rt\u0113t pas\u0101kumu efektivit\u0101ti.<\/p>\n\n\n\n<p>Projekts atbalsta ar\u012b jaunie\u0161u NVO iniciat\u012bvas, lai aktualiz\u0113tu m\u0101c\u012bbu p\u0101rtrauk\u0161anas probl\u0113mu pa\u0161u jaunie\u0161u vid\u016b, ar vienaud\u017eu pal\u012bdz\u012bbu uzrun\u0101tu izgl\u012btojamos un iesaist\u012btu vi\u0146us aktivit\u0101t\u0113s. Pas\u0101kumi v\u0113rsti uz agr\u012bnu probl\u0113mu diagnostiku un risin\u0101jumiem.<\/p>\n\n\n\n<p>Ar pa\u0161vald\u012bbu starpniec\u012bbu tiek nodro\u0161in\u0101ts individu\u0101lais atbalsts izgl\u012btojamiem, kuri var\u0113tu p\u0101rtraukt m\u0101c\u012bbas finan\u0161u resursu tr\u016bkuma d\u0113\u013c, piem\u0113ram, tiek kompens\u0113ti izdevumi par transportu, \u0113din\u0101\u0161anu, dienesta viesn\u012bcu, u.c. Tom\u0113r galvenais projekta fokuss ir nevis \u012bslaic\u012bga finansi\u0101l\u0101s pal\u012bdz\u012bbas snieg\u0161ana, bet gan ilgtsp\u0113j\u012bga visaptvero\u0161a meh\u0101nisma rad\u012b\u0161ana, kas veido atbalsto\u0161u un iek\u013caujo\u0161u vidi ikvienam izgl\u012btojamam.<\/p>\n\n\n\n<p><strong>M\u0113r\u0137grupa<\/strong><\/p>\n\n\n\n<p>\u2022&nbsp;&nbsp;&nbsp;&nbsp;&nbsp;&nbsp;&nbsp;&nbsp;&nbsp;&nbsp;&nbsp;&nbsp; Visp\u0101rizgl\u012btojo\u0161o izgl\u012bt\u012bbas iest\u0101\u017eu izgl\u012btojamie no 5. l\u012bdz 12. klasei, k\u0101 ar\u012b 1.-4. klases izgl\u012btojamie no 2021.\/2022. m.g. 1. semestra;<\/p>\n\n\n\n<p><strong>Ko ieg\u016bst izgl\u012btojamie?<\/strong><\/p>\n\n\n\n<p>Katram projekt\u0101 iesaist\u012btajam izgl\u012btojamajam pedagogs semestra s\u0101kum\u0101 izveido individu\u0101lo atbalsta pl\u0101nu (IAP), kur\u0101 izv\u0113rt\u0113 m\u0101c\u012bbu p\u0101rtrauk\u0161anas riskus un paredz nepiecie\u0161amos atbalsta pas\u0101kumus \u0161o risku mazin\u0101\u0161anai:<\/p>\n\n\n\n<p>\u2022&nbsp;&nbsp;&nbsp;&nbsp;&nbsp;&nbsp;&nbsp;&nbsp;&nbsp;&nbsp;&nbsp;&nbsp; pedagogu un atbalsta person\u0101la konsult\u0101cijas\/konsultat\u012bvo atbalstu (pedagogs, psihologs, soci\u0101lais pedagogs, pedagoga pal\u012bgs, speci\u0101l\u0101s izgl\u012bt\u012bbas pedagogs, asistents);<\/p>\n\n\n\n<p>\u2022&nbsp;&nbsp;&nbsp;&nbsp;&nbsp;&nbsp;&nbsp;&nbsp;&nbsp;&nbsp;&nbsp;&nbsp; sabiedrisk\u0101 transporta bi\u013ce\u0161u kompens\u0101cijas;<\/p>\n\n\n\n<p>\u2022&nbsp;&nbsp;&nbsp;&nbsp;&nbsp;&nbsp;&nbsp;&nbsp;&nbsp;&nbsp;&nbsp;&nbsp; naktsm\u012bt\u0146u izdevumu kompens\u0101cijas;<\/p>\n\n\n\n<p>\u2022&nbsp;&nbsp;&nbsp;&nbsp;&nbsp;&nbsp;&nbsp;&nbsp;&nbsp;&nbsp;&nbsp;&nbsp; \u0113din\u0101\u0161anas izdevumu kompens\u0101cijas;<\/p>\n\n\n\n<p>\u2022&nbsp;&nbsp;&nbsp;&nbsp;&nbsp;&nbsp;&nbsp;&nbsp;&nbsp;&nbsp;&nbsp;&nbsp; individu\u0101lo m\u0101c\u012bbu l\u012bdzek\u013cu ieg\u0101des izdevumu kompens\u0101cijas;<\/p>\n\n\n\n<p>\u2022&nbsp;&nbsp;&nbsp;&nbsp;&nbsp;&nbsp;&nbsp;&nbsp;&nbsp;&nbsp;&nbsp;&nbsp; individu\u0101l\u0101s lieto\u0161anas priek\u0161metu&nbsp; ieg\u0101des izdevumu kompens\u0101cijas;<\/p>\n\n\n\n<p>\u2022&nbsp;&nbsp;&nbsp;&nbsp;&nbsp;&nbsp;&nbsp;&nbsp;&nbsp;&nbsp;&nbsp;&nbsp; iesp\u0113ju iesaist\u012bties Jaunie\u0161u NVO projektos pa\u0161vald\u012bb\u0101s.<\/p>\n\n\n\n<p><strong>Ko ieg\u016bst pedagogi?<\/strong><\/p>\n\n\n\n<p>\u2022&nbsp;&nbsp;&nbsp;&nbsp;&nbsp;&nbsp;&nbsp;&nbsp;&nbsp;&nbsp;&nbsp;&nbsp; iesp\u0113ju un resursus individu\u0101li str\u0101d\u0101t ar skol\u0113niem, kuriem tas nepiecie\u0161ams;<\/p>\n\n\n\n<p>\u2022&nbsp;&nbsp;&nbsp;&nbsp;&nbsp;&nbsp;&nbsp;&nbsp;&nbsp;&nbsp;&nbsp;&nbsp; profesion\u0101l\u0101s kompetences pilnveidi;<\/p>\n\n\n\n<p>\u2022&nbsp;&nbsp;&nbsp;&nbsp;&nbsp;&nbsp;&nbsp;&nbsp;&nbsp;&nbsp;&nbsp;&nbsp; semin\u0101rus;<\/p>\n\n\n\n<p>\u2022&nbsp;&nbsp;&nbsp;&nbsp;&nbsp;&nbsp;&nbsp;&nbsp;&nbsp;&nbsp;&nbsp;&nbsp; superv\u012bzijas;<\/p>\n\n\n\n<p>\u2022&nbsp;&nbsp;&nbsp;&nbsp;&nbsp;&nbsp;&nbsp;&nbsp;&nbsp;&nbsp;&nbsp;&nbsp; darbn\u012bcas;<\/p>\n\n\n\n<p>\u2022&nbsp;&nbsp;&nbsp;&nbsp;&nbsp;&nbsp;&nbsp;&nbsp;&nbsp;&nbsp;&nbsp;&nbsp; konferences;<\/p>\n\n\n\n<p>\u2022&nbsp;&nbsp;&nbsp;&nbsp;&nbsp;&nbsp;&nbsp;&nbsp;&nbsp;&nbsp;&nbsp;&nbsp; metodiskos atbalsta l\u012bdzek\u013cus;<\/p>\n\n\n\n<p>\u2022&nbsp;&nbsp;&nbsp;&nbsp;&nbsp;&nbsp;&nbsp;&nbsp;&nbsp;&nbsp;&nbsp;&nbsp; sist\u0113mu priek\u0161laic\u012bgas m\u0101c\u012bbu p\u0101rtrauk\u0161anas risku identific\u0113\u0161anai un nov\u0113r\u0161anai.<\/p>\n\n\n\n<p><strong>Projekta \u012bsteno\u0161anas laiks<\/strong><\/p>\n\n\n\n<p>03.2017.\u201312.2023.<\/p>\n\n\n\n<p><strong>Projekts m\u016bsu skol\u0101<\/strong><\/p>\n\n\n\n<p>Uz doto br\u012bdi projekt\u0101 ir iesaist\u012bti 25 izgl\u012btojamie un 19 pedagogi. Izgl\u012btojamajiem tiek sniegts atbalsts \u0161\u0101dos m\u0101c\u012bbu priek\u0161metos:<\/p>\n\n\n\n<p>Latvie\u0161u valoda un literat\u016bra;<\/p>\n\n\n\n<p>Ang\u013cu valoda;<\/p>\n\n\n\n<p>Matem\u0101tika;<\/p>\n\n\n\n<p>Latvijas v\u0113sture.<\/p>\n\n\n\n<p>T\u0101pat izgl\u012btojamie sa\u0146em konsultat\u012bvo atbalstu par da\u017e\u0101d\u0101m t\u0113m\u0101m ( Draudz\u012bba, Dienas re\u017e\u012bms, Vesel\u012bgs dz\u012bvesveids, Stress utt.). Konsult\u0101cijas var notikt gan kl\u0101tien\u0113 , gan att\u0101lin\u0101ti, iev\u0113rojot valst\u012b noteikt\u0101s pras\u012bbas Covis-19 infekcijas izplat\u012bbas ierobe\u017eo\u0161anai. Projekt\u0101 iesaist\u012btie skolot\u0101ji izstr\u0101d\u0101&nbsp; un piemekl\u0113 uzdevumus un vingrin\u0101jumus, atbilsto\u0161i katra izgl\u012btojam\u0101 vajadz\u012bb\u0101m un sp\u0113j\u0101m.<\/p>\n\n\n\n<p>Pateicoties \u0161im projektam, izgl\u012btojamajiem ir iesp\u0113ja apg\u016bt iekav\u0113to m\u0101c\u012bbu materi\u0101lu, nostiprin\u0101t jau eso\u0161\u0101s zin\u0101\u0161anas, apg\u016bt t\u0113mas, kuras sag\u0101d\u0101 gr\u016bt\u012bbas. Izgl\u012btojamie g\u016bst p\u0101rliec\u012bbu par sav\u0101m sp\u0113j\u0101m, atrais\u0101s, pilnveido jau eso\u0161\u0101s zin\u0101\u0161anas, k\u0101 rezult\u0101t\u0101 akt\u012bv\u0101k iesaist\u0101s m\u0101c\u012bbu stundas gait\u0101, sp\u0113j sekm\u012bgi pabeigt m\u0101c\u012bbu gadu, uzlabo savu uzved\u012bbu un maina attieksmi gan pret vienaud\u017eiem, gan pret skolot\u0101jiem.<\/p>\n\n\n\n<p>Papildus individu\u0101lajam atbalstam, ko sa\u0146em skol\u0113ni projekta PuMPuRS ietvaros, divas klases&nbsp; piedal\u0101s jaunie\u0161u iniciat\u012bvu&nbsp; projekt\u0101, lai veicin\u0101tu atbalsta aktivit\u0101tes jaunie\u0161u vid\u016b ar\u012b \u0101rpus form\u0101l\u0101s izgl\u012bt\u012bbas. Projekts ir v\u0113rsts uz priek\u0161laic\u012bgas m\u0101c\u012bbu p\u0101rtrauk\u0161anas riska grupas izgl\u012btojamo motiv\u0101cijas palielin\u0101\u0161anu turpin\u0101t izgl\u012bt\u012bbu un vi\u0146u akt\u012bvas l\u012bdzdal\u012bbas veicin\u0101\u0161anu ikdienas dz\u012bv\u0113. Jaunatnes iniciat\u012bvu projektu konkursus r\u012bko projekt\u0101 PuMPuRS iesaist\u012bt\u0101s pa\u0161vald\u012bbas.<\/p>\n\n\n\n<p><em>Projekta aktivit\u0101tes:<\/em><\/p>\n\n\n\n<p>\u2022&nbsp;&nbsp;&nbsp;&nbsp;&nbsp;&nbsp;&nbsp;&nbsp;&nbsp;&nbsp;&nbsp;&nbsp; neform\u0101l\u0101s m\u0101c\u012b\u0161an\u0101s aktivit\u0101tes un pas\u0101kumi;<\/p>\n\n\n\n<p>\u2022&nbsp;&nbsp;&nbsp;&nbsp;&nbsp;&nbsp;&nbsp;&nbsp;&nbsp;&nbsp;&nbsp;&nbsp; nometnes, p\u0101rg\u0101jieni, \u0101ra dz\u012bves aktivit\u0101tes un piedz\u012bvojumu izgl\u012bt\u012bba;<\/p>\n\n\n\n<p>\u2022&nbsp;&nbsp;&nbsp;&nbsp;&nbsp;&nbsp;&nbsp;&nbsp;&nbsp;&nbsp;&nbsp;&nbsp; person\u012bbas pilnveides pas\u0101kumi;<\/p>\n\n\n\n<p>\u2022&nbsp;&nbsp;&nbsp;&nbsp;&nbsp;&nbsp;&nbsp;&nbsp;&nbsp;&nbsp;&nbsp;&nbsp; person\u012bgo m\u0113r\u0137u defin\u0113\u0161ana un to sasaiste ar izgl\u012bt\u012bbu;<\/p>\n\n\n\n<p>\u2022&nbsp;&nbsp;&nbsp;&nbsp;&nbsp;&nbsp;&nbsp;&nbsp;&nbsp;&nbsp;&nbsp;&nbsp; l\u012bdzdal\u012bbas prasmes pilnveido\u0161ana;<\/p>\n\n\n\n<p>\u2022&nbsp;&nbsp;&nbsp;&nbsp;&nbsp;&nbsp;&nbsp;&nbsp;&nbsp;&nbsp;&nbsp;&nbsp; soci\u0101lo prasmju pilnveido\u0161ana \u2013 draudz\u012bba, sadarb\u012bba;<\/p>\n\n\n\n<p>\u2022&nbsp;&nbsp;&nbsp;&nbsp;&nbsp;&nbsp;&nbsp;&nbsp;&nbsp;&nbsp;&nbsp;&nbsp; pa\u0161izzi\u0146as un motiv\u0101cijas att\u012bst\u012b\u0161anas aktivit\u0101tes.<\/p>\n","protected":false},"excerpt":{"rendered":"<p>Projekta apraksts Izgl\u012bt\u012bbas kvalit\u0101tes valsts dienests (IKVD) \u012bsteno Eiropas Soci\u0101l\u0101 fonda projektu Nr. 8.3.4.0\/16\/I\/001 \u201cAtbalsts priek\u0161laic\u012bgas m\u0101c\u012bbu p\u0101rtrauk\u0161anas samazin\u0101\u0161anai\u201d, lai mazin\u0101tu to izgl\u012btojamo skaitu, kas p\u0101rtrauc m\u0101c\u012bbas. Projekts veicina ilgtsp\u0113j\u012bgas sadarb\u012bbas sist\u0113mas veido\u0161anu starp pa\u0161vald\u012bbu, izgl\u012bt\u012bbas iest\u0101d\u0113m, pedagogiem, atbalsta person\u0101lu <span class=\"readmore\"><a href=\"https:\/\/6vsk.lv\/index.php\/projekts-pumpurs\/\">Continue Reading<\/a><\/span><\/p>\n","protected":false},"author":1,"featured_media":0,"parent":0,"menu_order":0,"comment_status":"closed","ping_status":"closed","template":"","meta":{"footnotes":""},"class_list":["post-75","page","type-page","status-publish","hentry"],"_links":{"self":[{"href":"https:\/\/6vsk.lv\/index.php\/wp-json\/wp\/v2\/pages\/75","targetHints":{"allow":["GET"]}}],"collection":[{"href":"https:\/\/6vsk.lv\/index.php\/wp-json\/wp\/v2\/pages"}],"about":[{"href":"https:\/\/6vsk.lv\/index.php\/wp-json\/wp\/v2\/types\/page"}],"author":[{"embeddable":true,"href":"https:\/\/6vsk.lv\/index.php\/wp-json\/wp\/v2\/users\/1"}],"replies":[{"embeddable":true,"href":"https:\/\/6vsk.lv\/index.php\/wp-json\/wp\/v2\/comments?post=75"}],"version-history":[{"count":4,"href":"https:\/\/6vsk.lv\/index.php\/wp-json\/wp\/v2\/pages\/75\/revisions"}],"predecessor-version":[{"id":372,"href":"https:\/\/6vsk.lv\/index.php\/wp-json\/wp\/v2\/pages\/75\/revisions\/372"}],"wp:attachment":[{"href":"https:\/\/6vsk.lv\/index.php\/wp-json\/wp\/v2\/media?parent=75"}],"curies":[{"name":"wp","href":"https:\/\/api.w.org\/{rel}","templated":true}]}}